{"id":3468,"date":"2025-09-25T17:44:21","date_gmt":"2025-09-25T14:44:21","guid":{"rendered":"https:\/\/viktoriadl.com\/?post_type=product&#038;p=3468"},"modified":"2025-09-30T17:58:40","modified_gmt":"2025-09-30T14:58:40","slug":"farine-de-mais","status":"publish","type":"product","link":"https:\/\/viktoriadl.com\/fr\/produit\/farine-de-mais\/","title":{"rendered":"Farine de ma\u00efs"},"content":{"rendered":"<p data-start=\"1134\" data-end=\"1424\">Notre <strong data-start=\"1138\" data-end=\"1168\">Semoule de ma\u00efs (farine de ma\u00efs)<\/strong> est produit pour \u00eatre utilis\u00e9 dans le pain et les produits de boulangerie, garantissant une texture et des performances constantes dans les applications industrielles et de gros. Conditionn\u00e9 en <strong data-start=\"1313\" data-end=\"1327\">Sacs de 25 kg<\/strong> avec un <strong data-start=\"1335\" data-end=\"1361\">dur\u00e9e de conservation de 8 mois<\/strong>Il convient \u00e0 la distribution et \u00e0 la production \u00e0 grande \u00e9chelle.<\/p>\n<p data-start=\"1426\" data-end=\"1688\">Les tests analytiques confirment <strong data-start=\"1454\" data-end=\"1476\">humidit\u00e9 inf\u00e9rieure \u00e0 14%<\/strong>Le produit contient du gluten (provenant de c\u00e9r\u00e9ales) mais ne contient pas d'autres ingr\u00e9dients. Le produit contient du gluten (provenant de c\u00e9r\u00e9ales) mais ne contient pas de gluten. <strong data-start=\"1612\" data-end=\"1619\">pas<\/strong> contiennent d'autres allerg\u00e8nes r\u00e9pertori\u00e9s tels que le soja, le lait, les fruits \u00e0 coque ou le s\u00e9same.<\/p>\n<p data-start=\"1690\" data-end=\"1724\"><strong data-start=\"1690\" data-end=\"1722\">Valeurs nutritionnelles pour 100g :<\/strong><\/p>\n<ul data-start=\"1725\" data-end=\"1868\">\n<li data-start=\"1725\" data-end=\"1755\">\n<p data-start=\"1727\" data-end=\"1755\">\u00c9nergie : 1516 kJ (361 kcal)<\/p>\n<\/li>\n<li data-start=\"1756\" data-end=\"1788\">\n<p data-start=\"1758\" data-end=\"1788\">Mati\u00e8res grasses : 1,0 g (satur\u00e9es 0,1 g)<\/p>\n<\/li>\n<li data-start=\"1789\" data-end=\"1829\">\n<p data-start=\"1791\" data-end=\"1829\">Glucides : 76,7 g (sucres 2,0 g)<\/p>\n<\/li>\n<li data-start=\"1830\" data-end=\"1849\">\n<p data-start=\"1832\" data-end=\"1849\">Prot\u00e9ines : 11,2 g<\/p>\n<\/li>\n<li data-start=\"1850\" data-end=\"1868\">\n<p data-start=\"1852\" data-end=\"1868\">Sel : &lt; 0.01 g<\/p>\n<\/li>\n<\/ul>\n<p data-start=\"1870\" data-end=\"2037\">Certifi\u00e9 sous <strong data-start=\"1886\" data-end=\"1903\">ISO 9001:2015<\/strong> et <strong data-start=\"1908\" data-end=\"1926\">ISO 22000:2018<\/strong>Ce produit est un choix s\u00fbr et fiable pour les boulangeries, les grossistes et les fabricants de produits alimentaires dans toute l'Europe.<\/p>\n<p>&nbsp;<\/p>\n<table style=\"width: 100%; border-collapse: collapse; text-align: center;\">\n<thead>\n<tr style=\"background-color: #f06154; color: #fff;\">\n<th style=\"padding: 8px;\">Poids<\/th>\n<th style=\"padding: 8px;\">Quantit\u00e9 par bo\u00eete \/ pile<\/th>\n<th style=\"padding: 8px;\">Quantit\u00e9 par palette<\/th>\n<th style=\"padding: 8px;\">Total dans le camion<\/th>\n<\/tr>\n<\/thead>\n<tbody>\n<tr style=\"background-color: #ffffff;\">\n<td style=\"padding: 8px;\">1 kg<\/td>\n<td style=\"padding: 8px;\">10 pi\u00e8ces<\/td>\n<td style=\"padding: 8px;\">780 kg<\/td>\n<td style=\"padding: 8px;\">22 620 kg<\/td>\n<\/tr>\n<tr style=\"background-color: #f5f5f5;\">\n<td style=\"padding: 8px;\">5 kg<\/td>\n<td style=\"padding: 8px;\">1 pi\u00e8ce<\/td>\n<td style=\"padding: 8px;\">780 kg<\/td>\n<td style=\"padding: 8px;\">22 620 kg<\/td>\n<\/tr>\n<\/tbody>\n<\/table>","protected":false},"excerpt":{"rendered":"<p data-start=\"1134\" data-end=\"1424\">Semoule de ma\u00efs moulue pour la boulangerie professionnelle et la production de pain. Conditionn\u00e9e en sacs de 25 kg, avec une dur\u00e9e de conservation de 8 mois. Certifi\u00e9e ISO 9001:2015 et ISO 22000:2018.<\/p>\n<p data-start=\"1870\" data-end=\"2037\">","protected":false},"featured_media":3149,"comment_status":"closed","ping_status":"closed","template":"","meta":{"om_disable_all_campaigns":false},"product_brand":[],"product_cat":[59],"product_tag":[],"class_list":{"0":"post-3468","1":"product","2":"type-product","3":"status-publish","4":"has-post-thumbnail","6":"product_cat-grains-and-flours","8":"first","9":"instock","10":"shipping-taxable","11":"purchasable","12":"product-type-variable"},"aioseo_notices":[],"jetpack_sharing_enabled":true,"_links":{"self":[{"href":"https:\/\/viktoriadl.com\/fr\/wp-json\/wp\/v2\/product\/3468","targetHints":{"allow":["GET"]}}],"collection":[{"href":"https:\/\/viktoriadl.com\/fr\/wp-json\/wp\/v2\/product"}],"about":[{"href":"https:\/\/viktoriadl.com\/fr\/wp-json\/wp\/v2\/types\/product"}],"replies":[{"embeddable":true,"href":"https:\/\/viktoriadl.com\/fr\/wp-json\/wp\/v2\/comments?post=3468"}],"wp:featuredmedia":[{"embeddable":true,"href":"https:\/\/viktoriadl.com\/fr\/wp-json\/wp\/v2\/media\/3149"}],"wp:attachment":[{"href":"https:\/\/viktoriadl.com\/fr\/wp-json\/wp\/v2\/media?parent=3468"}],"wp:term":[{"taxonomy":"product_brand","embeddable":true,"href":"https:\/\/viktoriadl.com\/fr\/wp-json\/wp\/v2\/product_brand?post=3468"},{"taxonomy":"product_cat","embeddable":true,"href":"https:\/\/viktoriadl.com\/fr\/wp-json\/wp\/v2\/product_cat?post=3468"},{"taxonomy":"product_tag","embeddable":true,"href":"https:\/\/viktoriadl.com\/fr\/wp-json\/wp\/v2\/product_tag?post=3468"}],"curies":[{"name":"wp","href":"https:\/\/api.w.org\/{rel}","templated":true}]}}