{"id":3467,"date":"2025-09-25T17:43:18","date_gmt":"2025-09-25T14:43:18","guid":{"rendered":"https:\/\/viktoriadl.com\/?post_type=product&#038;p=3467"},"modified":"2025-09-30T17:59:11","modified_gmt":"2025-09-30T14:59:11","slug":"farine-pour-pizza-2","status":"publish","type":"product","link":"https:\/\/viktoriadl.com\/fr\/produit\/farine-pour-pizza-2\/","title":{"rendered":"Farine pour pizza"},"content":{"rendered":"<p data-start=\"1441\" data-end=\"1700\">Notre <strong data-start=\"1445\" data-end=\"1460\">Farine pour pizza<\/strong> est sp\u00e9cialement moulu pour une utilisation professionnelle dans la p\u00e2te \u00e0 pizza, les pains et les applications de boulangerie. Avec un <strong data-start=\"1558\" data-end=\"1594\">une teneur en gluten d'au moins 25,2%<\/strong>Il offre une \u00e9lasticit\u00e9 et une structure excellentes, garantissant des r\u00e9sultats constants pour les bases de pizzas authentiques.<\/p>\n<p data-start=\"1702\" data-end=\"2011\">La farine est soigneusement test\u00e9e pour r\u00e9pondre aux normes europ\u00e9ennes strictes en mati\u00e8re de s\u00e9curit\u00e9 alimentaire : <strong data-start=\"1779\" data-end=\"1796\">humidit\u00e9 \u226415%<\/strong>Il est \u00e9galement conforme aux limites fix\u00e9es par l'UE pour les m\u00e9taux lourds et les mycotoxines. Il offre des caract\u00e9ristiques de cuisson \u00e9quilibr\u00e9es, notamment une <strong data-start=\"1946\" data-end=\"1986\">Activit\u00e9 alpha-amylase (280-380 sec)<\/strong> et la granulom\u00e9trie fine.<\/p>\n<p data-start=\"2013\" data-end=\"2047\"><strong data-start=\"2013\" data-end=\"2045\">Valeurs nutritionnelles pour 100g :<\/strong><\/p>\n<ul data-start=\"2048\" data-end=\"2218\">\n<li data-start=\"2048\" data-end=\"2082\">\n<p data-start=\"2050\" data-end=\"2082\">\u00c9nergie : 1508,5 kJ \/ 355,7 kcal<\/p>\n<\/li>\n<li data-start=\"2083\" data-end=\"2117\">\n<p data-start=\"2085\" data-end=\"2117\">Mati\u00e8res grasses : 1,01 g (satur\u00e9es 0,22 g)<\/p>\n<\/li>\n<li data-start=\"2118\" data-end=\"2159\">\n<p data-start=\"2120\" data-end=\"2159\">Glucides : 73,63 g (sucres 1,2 g)<\/p>\n<\/li>\n<li data-start=\"2160\" data-end=\"2177\">\n<p data-start=\"2162\" data-end=\"2177\">Fibres : 4,01 g<\/p>\n<\/li>\n<li data-start=\"2178\" data-end=\"2198\">\n<p data-start=\"2180\" data-end=\"2198\">Prot\u00e9ines : 11,02 g<\/p>\n<\/li>\n<li data-start=\"2199\" data-end=\"2218\">\n<p data-start=\"2201\" data-end=\"2218\">Sel : &lt; 0.025 g<\/p>\n<\/li>\n<\/ul>\n<table style=\"width:100%; border-collapse:collapse; text-align:center;\">\n<thead>\n<tr style=\"background-color:#F06154; color:#fff;\">\n<th style=\"padding:8px;\">Poids<\/th>\n<th style=\"padding:8px;\">Quantit\u00e9 par bo\u00eete \/ pile<\/th>\n<th style=\"padding:8px;\">Quantit\u00e9 par palette<\/th>\n<th style=\"padding:8px;\">Total dans le camion<\/th>\n<\/tr>\n<\/thead>\n<tbody>\n<tr style=\"background-color:#ffffff;\">\n<td style=\"padding:8px;\">1 kg<\/td>\n<td style=\"padding:8px;\">10 pi\u00e8ces<\/td>\n<td style=\"padding:8px;\">780 kg<\/td>\n<td style=\"padding:8px;\">22 620 kg<\/td>\n<\/tr>\n<tr style=\"background-color:#f5f5f5;\">\n<td style=\"padding:8px;\">5 kg<\/td>\n<td style=\"padding:8px;\">1 pi\u00e8ce<\/td>\n<td style=\"padding:8px;\">780 kg<\/td>\n<td style=\"padding:8px;\">22 620 kg<\/td>\n<\/tr>\n<\/tbody>\n<\/table>","protected":false},"excerpt":{"rendered":"<p>Haute qualit\u00e9 <strong data-start=\"1251\" data-end=\"1266\">Farine pour pizza<\/strong> avec un gluten \u226525%, id\u00e9al pour une p\u00e2te \u00e9lastique et des r\u00e9sultats de cuisson constants. Dur\u00e9e de conservation de 10 mois, fourni en emballage en vrac pour les acheteurs en gros.<\/p>","protected":false},"featured_media":3149,"comment_status":"closed","ping_status":"closed","template":"","meta":{"om_disable_all_campaigns":false},"product_brand":[],"product_cat":[59],"product_tag":[],"class_list":{"0":"post-3467","1":"product","2":"type-product","3":"status-publish","4":"has-post-thumbnail","6":"product_cat-grains-and-flours","8":"first","9":"instock","10":"shipping-taxable","11":"purchasable","12":"product-type-variable"},"aioseo_notices":[],"jetpack_sharing_enabled":true,"_links":{"self":[{"href":"https:\/\/viktoriadl.com\/fr\/wp-json\/wp\/v2\/product\/3467","targetHints":{"allow":["GET"]}}],"collection":[{"href":"https:\/\/viktoriadl.com\/fr\/wp-json\/wp\/v2\/product"}],"about":[{"href":"https:\/\/viktoriadl.com\/fr\/wp-json\/wp\/v2\/types\/product"}],"replies":[{"embeddable":true,"href":"https:\/\/viktoriadl.com\/fr\/wp-json\/wp\/v2\/comments?post=3467"}],"wp:featuredmedia":[{"embeddable":true,"href":"https:\/\/viktoriadl.com\/fr\/wp-json\/wp\/v2\/media\/3149"}],"wp:attachment":[{"href":"https:\/\/viktoriadl.com\/fr\/wp-json\/wp\/v2\/media?parent=3467"}],"wp:term":[{"taxonomy":"product_brand","embeddable":true,"href":"https:\/\/viktoriadl.com\/fr\/wp-json\/wp\/v2\/product_brand?post=3467"},{"taxonomy":"product_cat","embeddable":true,"href":"https:\/\/viktoriadl.com\/fr\/wp-json\/wp\/v2\/product_cat?post=3467"},{"taxonomy":"product_tag","embeddable":true,"href":"https:\/\/viktoriadl.com\/fr\/wp-json\/wp\/v2\/product_tag?post=3467"}],"curies":[{"name":"wp","href":"https:\/\/api.w.org\/{rel}","templated":true}]}}