{"id":3465,"date":"2025-09-25T17:39:43","date_gmt":"2025-09-25T14:39:43","guid":{"rendered":"https:\/\/viktoriadl.com\/?post_type=product&#038;p=3465"},"modified":"2025-09-30T17:59:40","modified_gmt":"2025-09-30T14:59:40","slug":"farine-de-riz","status":"publish","type":"product","link":"https:\/\/viktoriadl.com\/fr\/produit\/farine-de-riz\/","title":{"rendered":"Farine de riz"},"content":{"rendered":"<p data-start=\"1505\" data-end=\"1829\">Notre <strong data-start=\"1509\" data-end=\"1523\">Farine de riz<\/strong> est produit selon des normes de qualit\u00e9 strictes, offrant une poudre propre et finement moulue, id\u00e9ale pour la production de pain, de produits de boulangerie et d'autres applications alimentaires. Avec une <strong data-start=\"1691\" data-end=\"1718\">dur\u00e9e de conservation de 10 mois<\/strong> et pratique <strong data-start=\"1734\" data-end=\"1761\">Emballage en sac en papier de 1 kg<\/strong>Il garantit \u00e0 la fois fra\u00eecheur et praticit\u00e9 pour un usage professionnel.<\/p>\n<p data-start=\"1831\" data-end=\"2064\">Les tests analytiques confirment un faible taux d'humidit\u00e9 (&lt;15%), l&#039;absence de micro-organismes pathog\u00e8nes et le respect des limites de l&#039;UE pour les m\u00e9taux lourds et les mycotoxines. La farine <strong data-start=\"1996\" data-end=\"2021\">ne contiennent pas d'allerg\u00e8nes<\/strong> tels qu'ils sont \u00e9num\u00e9r\u00e9s dans le r\u00e8glement (UE) n\u00b0 1169\/2011.<\/p>\n<p data-start=\"2066\" data-end=\"2099\"><strong data-start=\"2066\" data-end=\"2097\">Valeur nutritionnelle pour 100g :<\/strong><\/p>\n<ul data-start=\"2100\" data-end=\"2241\">\n<li data-start=\"2100\" data-end=\"2130\">\n<p data-start=\"2102\" data-end=\"2130\">\u00c9nergie : 1495 kJ (356 kcal)<\/p>\n<\/li>\n<li data-start=\"2131\" data-end=\"2164\">\n<p data-start=\"2133\" data-end=\"2164\">Lipides : 0,6 g (satur\u00e9s 0,02 g)<\/p>\n<\/li>\n<li data-start=\"2165\" data-end=\"2203\">\n<p data-start=\"2167\" data-end=\"2203\">Glucides : 80 g (sucres 2,2 g)<\/p>\n<\/li>\n<li data-start=\"2204\" data-end=\"2222\">\n<p data-start=\"2206\" data-end=\"2222\">Prot\u00e9ines : 7,6 g<\/p>\n<\/li>\n<li data-start=\"2223\" data-end=\"2241\">\n<p data-start=\"2225\" data-end=\"2241\">Sel : &lt; 0.01 g<\/p>\n<\/li>\n<\/ul>\n<p data-start=\"2243\" data-end=\"2399\">Certifi\u00e9 selon la norme <strong data-start=\"2266\" data-end=\"2283\">ISO 9001:2015<\/strong> et <strong data-start=\"2288\" data-end=\"2308\">FSSC 22000\/HACCP<\/strong>Notre farine de riz est un choix s\u00fbr et fiable pour le commerce de gros et les applications industrielles.<\/p>\n<p>&nbsp;<\/p>\n<table style=\"width: 100%; border-collapse: collapse; text-align: center;\">\n<thead>\n<tr style=\"background-color: #f06154; color: #fff;\">\n<th style=\"padding: 8px;\">Poids<\/th>\n<th style=\"padding: 8px;\">Quantit\u00e9 par bo\u00eete \/ pile<\/th>\n<th style=\"padding: 8px;\">Quantit\u00e9 par palette<\/th>\n<th style=\"padding: 8px;\">Total dans le camion<\/th>\n<\/tr>\n<\/thead>\n<tbody>\n<tr style=\"background-color: #ffffff;\">\n<td style=\"padding: 8px;\">1 kg<\/td>\n<td style=\"padding: 8px;\">10 pi\u00e8ces<\/td>\n<td style=\"padding: 8px;\">780 kg<\/td>\n<td style=\"padding: 8px;\">22 620 kg<\/td>\n<\/tr>\n<tr style=\"background-color: #f5f5f5;\">\n<td style=\"padding: 8px;\">5 kg<\/td>\n<td style=\"padding: 8px;\">1 pi\u00e8ce<\/td>\n<td style=\"padding: 8px;\">780 kg<\/td>\n<td style=\"padding: 8px;\">22 620 kg<\/td>\n<\/tr>\n<\/tbody>\n<\/table>","protected":false},"excerpt":{"rendered":"<p>Finement broy\u00e9 <strong data-start=\"1312\" data-end=\"1326\">Farine de riz<\/strong> Convient pour le pain, les produits de boulangerie et la production alimentaire. Emball\u00e9 dans des sacs en papier de 1 kg, dur\u00e9e de conservation de 10 mois. Certifi\u00e9 ISO 9001:2015 et FSSC 22000.<\/p>","protected":false},"featured_media":3149,"comment_status":"closed","ping_status":"closed","template":"","meta":{"om_disable_all_campaigns":false},"product_brand":[],"product_cat":[59],"product_tag":[],"class_list":{"0":"post-3465","1":"product","2":"type-product","3":"status-publish","4":"has-post-thumbnail","6":"product_cat-grains-and-flours","8":"first","9":"instock","10":"shipping-taxable","11":"purchasable","12":"product-type-variable"},"aioseo_notices":[],"jetpack_sharing_enabled":true,"_links":{"self":[{"href":"https:\/\/viktoriadl.com\/fr\/wp-json\/wp\/v2\/product\/3465","targetHints":{"allow":["GET"]}}],"collection":[{"href":"https:\/\/viktoriadl.com\/fr\/wp-json\/wp\/v2\/product"}],"about":[{"href":"https:\/\/viktoriadl.com\/fr\/wp-json\/wp\/v2\/types\/product"}],"replies":[{"embeddable":true,"href":"https:\/\/viktoriadl.com\/fr\/wp-json\/wp\/v2\/comments?post=3465"}],"wp:featuredmedia":[{"embeddable":true,"href":"https:\/\/viktoriadl.com\/fr\/wp-json\/wp\/v2\/media\/3149"}],"wp:attachment":[{"href":"https:\/\/viktoriadl.com\/fr\/wp-json\/wp\/v2\/media?parent=3465"}],"wp:term":[{"taxonomy":"product_brand","embeddable":true,"href":"https:\/\/viktoriadl.com\/fr\/wp-json\/wp\/v2\/product_brand?post=3465"},{"taxonomy":"product_cat","embeddable":true,"href":"https:\/\/viktoriadl.com\/fr\/wp-json\/wp\/v2\/product_cat?post=3465"},{"taxonomy":"product_tag","embeddable":true,"href":"https:\/\/viktoriadl.com\/fr\/wp-json\/wp\/v2\/product_tag?post=3465"}],"curies":[{"name":"wp","href":"https:\/\/api.w.org\/{rel}","templated":true}]}}