{"id":3455,"date":"2025-09-24T17:47:18","date_gmt":"2025-09-24T14:47:18","guid":{"rendered":"https:\/\/viktoriadl.com\/?post_type=product&#038;p=3455"},"modified":"2025-09-30T18:00:09","modified_gmt":"2025-09-30T15:00:09","slug":"coca-cola-fanta","status":"publish","type":"product","link":"https:\/\/viktoriadl.com\/fr\/produit\/coca-cola-fanta\/","title":{"rendered":"Coca Cola | Fanta"},"content":{"rendered":"<p data-start=\"370\" data-end=\"655\">Nous fournissons une s\u00e9lection de boissons gazeuses bien connues dans des formats d'emballage PET pratiques. Adapt\u00e9es \u00e0 la distribution en gros et au d\u00e9tail, ces boissons sont livr\u00e9es dans les formats suivants <strong data-start=\"553\" data-end=\"562\">500ml<\/strong> et <strong data-start=\"567\" data-end=\"575\">1.5L<\/strong> avec une logistique palettis\u00e9e pour assurer un transport et un stockage efficaces.<\/p>\n<p data-start=\"657\" data-end=\"676\"><strong data-start=\"657\" data-end=\"674\">Caract\u00e9ristiques principales :<\/strong><\/p>\n<ul data-start=\"677\" data-end=\"873\">\n<li data-start=\"677\" data-end=\"716\">\n<p data-start=\"679\" data-end=\"716\">Bouteilles en PET de 500 ml et 1,5 l<\/p>\n<\/li>\n<li data-start=\"717\" data-end=\"767\">\n<p data-start=\"719\" data-end=\"767\">Conditionn\u00e9s pour la distribution en gros et au d\u00e9tail<\/p>\n<\/li>\n<li data-start=\"768\" data-end=\"819\">\n<p data-start=\"770\" data-end=\"819\">Cha\u00eene d'approvisionnement palettis\u00e9e pour un transport efficace<\/p>\n<\/li>\n<li data-start=\"820\" data-end=\"873\">\n<p data-start=\"822\" data-end=\"873\">Disponibilit\u00e9 constante avec une capacit\u00e9 de production \u00e9lev\u00e9e<\/p>\n<\/li>\n<\/ul>\n<table style=\"width:100%; border-collapse:collapse; text-align:center;\">\n<thead>\n<tr style=\"background-color:#F06154; color:#fff;\">\n<th style=\"padding:8px;\">Volume<\/th>\n<th style=\"padding:8px;\">Quantit\u00e9 par bo\u00eete \/ pile<\/th>\n<th style=\"padding:8px;\">Quantit\u00e9 par palette<\/th>\n<th style=\"padding:8px;\">Total dans le camion<\/th>\n<\/tr>\n<\/thead>\n<tbody>\n<tr style=\"background-color:#ffffff;\">\n<td style=\"padding:8px;\">500 ml<\/td>\n<td style=\"padding:8px;\">12 pi\u00e8ces<\/td>\n<td style=\"padding:8px;\">1 296 pc<\/td>\n<td style=\"padding:8px;\">40 176 pc<\/td>\n<\/tr>\n<tr style=\"background-color:#f5f5f5;\">\n<td style=\"padding:8px;\">1.5 l<\/td>\n<td style=\"padding:8px;\">6 pi\u00e8ces<\/td>\n<td style=\"padding:8px;\">456 pc<\/td>\n<td style=\"padding:8px;\">14 136 pc<\/td>\n<\/tr>\n<\/tbody>\n<\/table>","protected":false},"excerpt":{"rendered":"<p>Boissons non alcoolis\u00e9es assorties disponibles en bouteilles PET de 500 ml et 1,5 l, conditionn\u00e9es pour le commerce de gros et la distribution.<\/p>","protected":false},"featured_media":3546,"comment_status":"closed","ping_status":"closed","template":"","meta":{"om_disable_all_campaigns":false},"product_brand":[],"product_cat":[64],"product_tag":[],"class_list":{"0":"post-3455","1":"product","2":"type-product","3":"status-publish","4":"has-post-thumbnail","6":"product_cat-beverages","8":"first","9":"instock","10":"shipping-taxable","11":"purchasable","12":"product-type-variable"},"aioseo_notices":[],"jetpack_sharing_enabled":true,"_links":{"self":[{"href":"https:\/\/viktoriadl.com\/fr\/wp-json\/wp\/v2\/product\/3455","targetHints":{"allow":["GET"]}}],"collection":[{"href":"https:\/\/viktoriadl.com\/fr\/wp-json\/wp\/v2\/product"}],"about":[{"href":"https:\/\/viktoriadl.com\/fr\/wp-json\/wp\/v2\/types\/product"}],"replies":[{"embeddable":true,"href":"https:\/\/viktoriadl.com\/fr\/wp-json\/wp\/v2\/comments?post=3455"}],"wp:featuredmedia":[{"embeddable":true,"href":"https:\/\/viktoriadl.com\/fr\/wp-json\/wp\/v2\/media\/3546"}],"wp:attachment":[{"href":"https:\/\/viktoriadl.com\/fr\/wp-json\/wp\/v2\/media?parent=3455"}],"wp:term":[{"taxonomy":"product_brand","embeddable":true,"href":"https:\/\/viktoriadl.com\/fr\/wp-json\/wp\/v2\/product_brand?post=3455"},{"taxonomy":"product_cat","embeddable":true,"href":"https:\/\/viktoriadl.com\/fr\/wp-json\/wp\/v2\/product_cat?post=3455"},{"taxonomy":"product_tag","embeddable":true,"href":"https:\/\/viktoriadl.com\/fr\/wp-json\/wp\/v2\/product_tag?post=3455"}],"curies":[{"name":"wp","href":"https:\/\/api.w.org\/{rel}","templated":true}]}}