{"id":3454,"date":"2025-09-24T17:46:40","date_gmt":"2025-09-24T14:46:40","guid":{"rendered":"https:\/\/viktoriadl.com\/?post_type=product&#038;p=3454"},"modified":"2025-09-30T18:00:18","modified_gmt":"2025-09-30T15:00:18","slug":"moutarde","status":"publish","type":"product","link":"https:\/\/viktoriadl.com\/fr\/produit\/moutarde\/","title":{"rendered":"Moutarde"},"content":{"rendered":"<p data-start=\"294\" data-end=\"557\">Notre <strong data-start=\"298\" data-end=\"309\">Moutarde<\/strong> est fournie dans <strong data-start=\"325\" data-end=\"344\">Bocaux en verre de 300 g<\/strong>Les emballages palettis\u00e9s sont con\u00e7us pour les rayons du commerce de d\u00e9tail et la distribution des services alimentaires. Les emballages palettis\u00e9s garantissent une manipulation, un stockage et un transport en vrac efficaces, ce qui les rend adapt\u00e9s aux grossistes, aux distributeurs et aux supermarch\u00e9s.<\/p>\n<p data-start=\"559\" data-end=\"733\">Produit selon des normes contr\u00f4l\u00e9es, le produit est conditionn\u00e9 de mani\u00e8re \u00e0 pr\u00e9server sa qualit\u00e9 et sa fra\u00eecheur tout au long de son cycle de vie. <strong data-start=\"669\" data-end=\"683\">dur\u00e9e de conservation<\/strong>\u00e0 condition qu'il soit stock\u00e9 dans un endroit frais et sec.<\/p>\n<p data-start=\"735\" data-end=\"754\"><strong data-start=\"735\" data-end=\"752\">Caract\u00e9ristiques principales :<\/strong><\/p>\n<ul data-start=\"755\" data-end=\"922\">\n<li data-start=\"755\" data-end=\"785\">\n<p data-start=\"757\" data-end=\"785\">Moutarde en bocaux de verre de 300g<\/p>\n<\/li>\n<li data-start=\"786\" data-end=\"826\">\n<p data-start=\"788\" data-end=\"826\">Emballages palettis\u00e9s pr\u00eats pour la vente en gros<\/p>\n<\/li>\n<li data-start=\"827\" data-end=\"876\">\n<p data-start=\"829\" data-end=\"876\">Format pratique pour le commerce de d\u00e9tail et la restauration<\/p>\n<\/li>\n<li data-start=\"877\" data-end=\"922\">\n<p data-start=\"879\" data-end=\"922\">Des solutions de stockage et de transport efficaces<\/p>\n<\/li>\n<\/ul>\n<table style=\"width:100%; border-collapse:collapse; text-align:center;\">\n<thead>\n<tr style=\"background-color:#F06154; color:#fff;\">\n<th style=\"padding:8px;\">Poids<\/th>\n<th style=\"padding:8px;\">Quantit\u00e9 par bo\u00eete \/ pile<\/th>\n<th style=\"padding:8px;\">Quantit\u00e9 par palette<\/th>\n<th style=\"padding:8px;\">Total dans le camion<\/th>\n<\/tr>\n<\/thead>\n<tbody>\n<tr style=\"background-color:#ffffff;\">\n<td style=\"padding:8px;\">300 g<\/td>\n<td style=\"padding:8px;\">6 pi\u00e8ces<\/td>\n<td style=\"padding:8px;\">1 428 pc<\/td>\n<td style=\"padding:8px;\">42 840 pc<\/td>\n<\/tr>\n<\/tbody>\n<\/table>","protected":false},"excerpt":{"rendered":"<p>Moutarde classique en bocaux de verre de 300 g, conditionn\u00e9e pour la distribution en gros et au d\u00e9tail.<\/p>","protected":false},"featured_media":3547,"comment_status":"closed","ping_status":"closed","template":"","meta":{"om_disable_all_campaigns":false},"product_brand":[],"product_cat":[62],"product_tag":[],"class_list":{"0":"post-3454","1":"product","2":"type-product","3":"status-publish","4":"has-post-thumbnail","6":"product_cat-condiments-and-sauces","8":"first","9":"instock","10":"shipping-taxable","11":"product-type-simple"},"aioseo_notices":[],"jetpack_sharing_enabled":true,"_links":{"self":[{"href":"https:\/\/viktoriadl.com\/fr\/wp-json\/wp\/v2\/product\/3454","targetHints":{"allow":["GET"]}}],"collection":[{"href":"https:\/\/viktoriadl.com\/fr\/wp-json\/wp\/v2\/product"}],"about":[{"href":"https:\/\/viktoriadl.com\/fr\/wp-json\/wp\/v2\/types\/product"}],"replies":[{"embeddable":true,"href":"https:\/\/viktoriadl.com\/fr\/wp-json\/wp\/v2\/comments?post=3454"}],"wp:featuredmedia":[{"embeddable":true,"href":"https:\/\/viktoriadl.com\/fr\/wp-json\/wp\/v2\/media\/3547"}],"wp:attachment":[{"href":"https:\/\/viktoriadl.com\/fr\/wp-json\/wp\/v2\/media?parent=3454"}],"wp:term":[{"taxonomy":"product_brand","embeddable":true,"href":"https:\/\/viktoriadl.com\/fr\/wp-json\/wp\/v2\/product_brand?post=3454"},{"taxonomy":"product_cat","embeddable":true,"href":"https:\/\/viktoriadl.com\/fr\/wp-json\/wp\/v2\/product_cat?post=3454"},{"taxonomy":"product_tag","embeddable":true,"href":"https:\/\/viktoriadl.com\/fr\/wp-json\/wp\/v2\/product_tag?post=3454"}],"curies":[{"name":"wp","href":"https:\/\/api.w.org\/{rel}","templated":true}]}}