{"id":3453,"date":"2025-09-24T17:44:35","date_gmt":"2025-09-24T14:44:35","guid":{"rendered":"https:\/\/viktoriadl.com\/?post_type=product&#038;p=3453"},"modified":"2025-09-30T18:00:39","modified_gmt":"2025-09-30T15:00:39","slug":"polenta","status":"publish","type":"product","link":"https:\/\/viktoriadl.com\/fr\/produit\/polenta\/","title":{"rendered":"Polenta"},"content":{"rendered":"<p data-start=\"356\" data-end=\"575\">Notre <strong data-start=\"360\" data-end=\"399\">Polenta (semoule fine de bl\u00e9 dur)<\/strong> est produit \u00e0 partir de bl\u00e9 dur soigneusement s\u00e9lectionn\u00e9. Fourni en <strong data-start=\"461\" data-end=\"486\">Sachets de 1 kg pr\u00eats \u00e0 la vente au d\u00e9tail<\/strong>Ce produit convient \u00e0 une large gamme d'applications culinaires et agroalimentaires.<\/p>\n<p data-start=\"577\" data-end=\"744\">Le produit est fabriqu\u00e9 selon des normes de qualit\u00e9 strictes, garantissant une texture homog\u00e8ne, une dur\u00e9e de conservation stable et un stockage s\u00fbr lorsqu'il est conserv\u00e9 dans un environnement frais et sec.<\/p>\n<p data-start=\"746\" data-end=\"765\"><strong data-start=\"746\" data-end=\"763\">Caract\u00e9ristiques principales :<\/strong><\/p>\n<ul data-start=\"766\" data-end=\"984\">\n<li data-start=\"766\" data-end=\"813\">\n<p data-start=\"768\" data-end=\"813\">Fabriqu\u00e9 \u00e0 partir de semoule de bl\u00e9 dur (mouture fine)<\/p>\n<\/li>\n<li data-start=\"814\" data-end=\"870\">\n<p data-start=\"816\" data-end=\"870\">Emballage pratique de 1 kg pour le commerce de d\u00e9tail et la restauration<\/p>\n<\/li>\n<li data-start=\"871\" data-end=\"925\">\n<p data-start=\"873\" data-end=\"925\">Dur\u00e9e de conservation : jusqu'\u00e0 8-10 mois dans des conditions de stockage ad\u00e9quates<\/p>\n<\/li>\n<li data-start=\"926\" data-end=\"984\">\n<p data-start=\"928\" data-end=\"984\">Palettis\u00e9 et pr\u00eat \u00e0 \u00eatre transport\u00e9 par camion pour une logistique B2B efficace<\/p>\n<\/li>\n<\/ul>\n<table style=\"width:100%; border-collapse:collapse; text-align:center;\">\n<thead>\n<tr style=\"background-color:#F06154; color:#fff;\">\n<th style=\"padding:8px;\">Poids<\/th>\n<th style=\"padding:8px;\">Quantit\u00e9 par bo\u00eete \/ pile<\/th>\n<th style=\"padding:8px;\">Quantit\u00e9 par palette<\/th>\n<th style=\"padding:8px;\">Total dans le camion<\/th>\n<\/tr>\n<\/thead>\n<tbody>\n<tr style=\"background-color:#ffffff;\">\n<td style=\"padding:8px;\">1 kg<\/td>\n<td style=\"padding:8px;\">10 pi\u00e8ces<\/td>\n<td style=\"padding:8px;\">780 kg<\/td>\n<td style=\"padding:8px;\">22 620 kg<\/td>\n<\/tr>\n<\/tbody>\n<\/table>","protected":false},"excerpt":{"rendered":"<p>Semoule fine (polenta) \u00e0 base de bl\u00e9 dur, conditionn\u00e9e en sacs de 1 kg, id\u00e9ale pour le commerce de gros et l'industrie.<\/p>","protected":false},"featured_media":3415,"comment_status":"closed","ping_status":"closed","template":"","meta":{"om_disable_all_campaigns":false},"product_brand":[],"product_cat":[59],"product_tag":[],"class_list":{"0":"post-3453","1":"product","2":"type-product","3":"status-publish","4":"has-post-thumbnail","6":"product_cat-grains-and-flours","8":"first","9":"instock","10":"shipping-taxable","11":"product-type-simple"},"aioseo_notices":[],"jetpack_sharing_enabled":true,"_links":{"self":[{"href":"https:\/\/viktoriadl.com\/fr\/wp-json\/wp\/v2\/product\/3453","targetHints":{"allow":["GET"]}}],"collection":[{"href":"https:\/\/viktoriadl.com\/fr\/wp-json\/wp\/v2\/product"}],"about":[{"href":"https:\/\/viktoriadl.com\/fr\/wp-json\/wp\/v2\/types\/product"}],"replies":[{"embeddable":true,"href":"https:\/\/viktoriadl.com\/fr\/wp-json\/wp\/v2\/comments?post=3453"}],"wp:featuredmedia":[{"embeddable":true,"href":"https:\/\/viktoriadl.com\/fr\/wp-json\/wp\/v2\/media\/3415"}],"wp:attachment":[{"href":"https:\/\/viktoriadl.com\/fr\/wp-json\/wp\/v2\/media?parent=3453"}],"wp:term":[{"taxonomy":"product_brand","embeddable":true,"href":"https:\/\/viktoriadl.com\/fr\/wp-json\/wp\/v2\/product_brand?post=3453"},{"taxonomy":"product_cat","embeddable":true,"href":"https:\/\/viktoriadl.com\/fr\/wp-json\/wp\/v2\/product_cat?post=3453"},{"taxonomy":"product_tag","embeddable":true,"href":"https:\/\/viktoriadl.com\/fr\/wp-json\/wp\/v2\/product_tag?post=3453"}],"curies":[{"name":"wp","href":"https:\/\/api.w.org\/{rel}","templated":true}]}}