{"id":3452,"date":"2025-09-24T17:34:26","date_gmt":"2025-09-24T14:34:26","guid":{"rendered":"https:\/\/viktoriadl.com\/?post_type=product&#038;p=3452"},"modified":"2025-09-30T18:00:54","modified_gmt":"2025-09-30T15:00:54","slug":"semoule-de-ble-dur","status":"publish","type":"product","link":"https:\/\/viktoriadl.com\/fr\/produit\/semoule-de-ble-dur\/","title":{"rendered":"Semoule de bl\u00e9 dur"},"content":{"rendered":"<p data-start=\"415\" data-end=\"700\">Notre <strong data-start=\"419\" data-end=\"443\">Semoule de bl\u00e9 dur<\/strong> est produit \u00e0 partir de bl\u00e9 dur de haute qualit\u00e9, transform\u00e9 pour r\u00e9pondre aux normes strictes de l'UE en mati\u00e8re de s\u00e9curit\u00e9 alimentaire et d'uniformit\u00e9. Avec un <strong data-start=\"565\" data-end=\"596\">teneur en prot\u00e9ines sup\u00e9rieure \u00e0 10,5%<\/strong> et <strong data-start=\"601\" data-end=\"625\">gluten humide au-dessus de 26%<\/strong>Il garantit des performances \u00e9lev\u00e9es dans les applications de pain, de p\u00e2tes et de boulangerie.<\/p>\n<p data-start=\"702\" data-end=\"917\">Le produit a une couleur jaune naturelle et une texture fine, avec une conformit\u00e9 garantie pour les m\u00e9taux lourds, les r\u00e9sidus de pesticides et la s\u00e9curit\u00e9 microbiologique. Les pathog\u00e8nes sont absents et les niveaux de mycotoxines sont conformes aux limites de l'UE.<\/p>\n<p data-start=\"919\" data-end=\"953\"><strong data-start=\"919\" data-end=\"951\">Valeurs nutritionnelles pour 100g :<\/strong><\/p>\n<ul data-start=\"954\" data-end=\"1123\">\n<li data-start=\"954\" data-end=\"984\">\n<p data-start=\"956\" data-end=\"984\">\u00c9nergie : 1535 kJ \/ 362 kcal<\/p>\n<\/li>\n<li data-start=\"985\" data-end=\"1027\">\n<p data-start=\"987\" data-end=\"1027\">Lipides : 1,3 g (dont satur\u00e9s : 0,5 g)<\/p>\n<\/li>\n<li data-start=\"1028\" data-end=\"1069\">\n<p data-start=\"1030\" data-end=\"1069\">Glucides : 74,8 g (sucres : 2,1 g)<\/p>\n<\/li>\n<li data-start=\"1070\" data-end=\"1086\">\n<p data-start=\"1072\" data-end=\"1086\">Fibres : 2,5 g<\/p>\n<\/li>\n<li data-start=\"1087\" data-end=\"1106\">\n<p data-start=\"1089\" data-end=\"1106\">Prot\u00e9ines : 11,5 g<\/p>\n<\/li>\n<li data-start=\"1107\" data-end=\"1123\">\n<p data-start=\"1109\" data-end=\"1123\">Sel : 0,26 g<\/p>\n<\/li>\n<\/ul>\n<table style=\"width:100%; border-collapse:collapse; text-align:center;\">\n<thead>\n<tr style=\"background-color:#F06154; color:#fff;\">\n<th style=\"padding:8px;\">Poids<\/th>\n<th style=\"padding:8px;\">Quantit\u00e9 par bo\u00eete \/ pile<\/th>\n<th style=\"padding:8px;\">Quantit\u00e9 par palette<\/th>\n<th style=\"padding:8px;\">Total dans le camion<\/th>\n<\/tr>\n<\/thead>\n<tbody>\n<tr style=\"background-color:#ffffff;\">\n<td style=\"padding:8px;\">1 kg<\/td>\n<td style=\"padding:8px;\">10 pi\u00e8ces<\/td>\n<td style=\"padding:8px;\">780 kg<\/td>\n<td style=\"padding:8px;\">22 620 kg<\/td>\n<\/tr>\n<\/tbody>\n<\/table>\n<p data-start=\"1125\" data-end=\"1150\"><strong data-start=\"1125\" data-end=\"1148\">Caract\u00e9ristiques principales :<\/strong><\/p>\n<ul data-start=\"1151\" data-end=\"1380\">\n<li data-start=\"1151\" data-end=\"1171\">\n<p data-start=\"1153\" data-end=\"1171\">Humidit\u00e9 : \u226414.5%<\/p>\n<\/li>\n<li data-start=\"1172\" data-end=\"1195\">\n<p data-start=\"1174\" data-end=\"1195\">Teneur en cendres : \u22640,80%<\/p>\n<\/li>\n<li data-start=\"1196\" data-end=\"1216\">\n<p data-start=\"1198\" data-end=\"1216\">Gluten humide : \u226526%<\/p>\n<\/li>\n<li data-start=\"1217\" data-end=\"1252\">\n<p data-start=\"1219\" data-end=\"1252\">Prot\u00e9ines (sur mati\u00e8re s\u00e8che) : \u226510,5%<\/p>\n<\/li>\n<li data-start=\"1253\" data-end=\"1295\">\n<p data-start=\"1255\" data-end=\"1295\">Granulation : jusqu'\u00e0 42GG (450 \u03bcm) \u22648%<\/p>\n<\/li>\n<li data-start=\"1296\" data-end=\"1312\">\n<p data-start=\"1298\" data-end=\"1312\">OGM non utilis\u00e9<\/p>\n<\/li>\n<li data-start=\"1313\" data-end=\"1380\">\n<p data-start=\"1315\" data-end=\"1380\">Contient <strong data-start=\"1324\" data-end=\"1334\">gluten<\/strong> (bl\u00e9) ; peut contenir des traces de <strong data-start=\"1366\" data-end=\"1378\">soja<\/strong><\/p>\n<\/li>\n<\/ul>\n<p data-start=\"1382\" data-end=\"1455\"><strong data-start=\"1382\" data-end=\"1397\">Dur\u00e9e de conservation :<\/strong> 8 mois dans des conditions de stockage s\u00e8ches, fra\u00eeches et propres.<\/p>\n<p data-start=\"1457\" data-end=\"1571\">Certifi\u00e9 conforme au r\u00e8glement (CE) n\u00b0 1881\/2006 sur les contaminants et produit selon les normes HACCP.<\/p>","protected":false},"excerpt":{"rendered":"<p>Semoule de bl\u00e9 dur moulue \u00e0 partir de bl\u00e9 cultiv\u00e9 dans l'UE, convenant au pain, aux p\u00e2tes et aux produits de boulangerie. Conditionn\u00e9e en vrac pour la distribution en gros.<\/p>","protected":false},"featured_media":3421,"comment_status":"closed","ping_status":"closed","template":"","meta":{"om_disable_all_campaigns":false},"product_brand":[],"product_cat":[59],"product_tag":[],"class_list":{"0":"post-3452","1":"product","2":"type-product","3":"status-publish","4":"has-post-thumbnail","6":"product_cat-grains-and-flours","8":"first","9":"instock","10":"shipping-taxable","11":"product-type-simple"},"aioseo_notices":[],"jetpack_sharing_enabled":true,"_links":{"self":[{"href":"https:\/\/viktoriadl.com\/fr\/wp-json\/wp\/v2\/product\/3452","targetHints":{"allow":["GET"]}}],"collection":[{"href":"https:\/\/viktoriadl.com\/fr\/wp-json\/wp\/v2\/product"}],"about":[{"href":"https:\/\/viktoriadl.com\/fr\/wp-json\/wp\/v2\/types\/product"}],"replies":[{"embeddable":true,"href":"https:\/\/viktoriadl.com\/fr\/wp-json\/wp\/v2\/comments?post=3452"}],"wp:featuredmedia":[{"embeddable":true,"href":"https:\/\/viktoriadl.com\/fr\/wp-json\/wp\/v2\/media\/3421"}],"wp:attachment":[{"href":"https:\/\/viktoriadl.com\/fr\/wp-json\/wp\/v2\/media?parent=3452"}],"wp:term":[{"taxonomy":"product_brand","embeddable":true,"href":"https:\/\/viktoriadl.com\/fr\/wp-json\/wp\/v2\/product_brand?post=3452"},{"taxonomy":"product_cat","embeddable":true,"href":"https:\/\/viktoriadl.com\/fr\/wp-json\/wp\/v2\/product_cat?post=3452"},{"taxonomy":"product_tag","embeddable":true,"href":"https:\/\/viktoriadl.com\/fr\/wp-json\/wp\/v2\/product_tag?post=3452"}],"curies":[{"name":"wp","href":"https:\/\/api.w.org\/{rel}","templated":true}]}}