{"id":3451,"date":"2025-09-24T17:33:17","date_gmt":"2025-09-24T14:33:17","guid":{"rendered":"https:\/\/viktoriadl.com\/?post_type=product&#038;p=3451"},"modified":"2025-11-14T16:25:10","modified_gmt":"2025-11-14T13:25:10","slug":"farine-de-ble-t55","status":"publish","type":"product","link":"https:\/\/viktoriadl.com\/fr\/produit\/farine-de-ble-t55\/","title":{"rendered":"Farine de bl\u00e9 T55"},"content":{"rendered":"<p data-start=\"532\" data-end=\"836\">Notre <strong data-start=\"536\" data-end=\"555\">Farine de bl\u00e9 T55<\/strong> est une farine de bl\u00e9 de qualit\u00e9 professionnelle, moulue pour une performance fiable dans les applications de pain et de boulangerie. Avec une <strong data-start=\"666\" data-end=\"706\">une teneur en gluten humide d'au moins 27,2%<\/strong> et contr\u00f4l\u00e9 <strong data-start=\"722\" data-end=\"762\">Activit\u00e9 alpha-amylase (280-380 sec)<\/strong>Il apporte la r\u00e9sistance et l'\u00e9lasticit\u00e9 n\u00e9cessaires \u00e0 une p\u00e2te de qualit\u00e9.<\/p>\n<p data-start=\"838\" data-end=\"1098\">La farine est fabriqu\u00e9e \u00e0 partir de <strong data-start=\"861\" data-end=\"875\">100% bl\u00e9<\/strong>enrichi en complexes enzymatiques et <strong data-start=\"912\" data-end=\"936\">acide ascorbique (E300)<\/strong> comme agent de traitement de la farine. Les tests analytiques confirment <strong data-start=\"993\" data-end=\"1010\">humidit\u00e9 \u226415%<\/strong>L'absence de pathog\u00e8nes et le respect des limites fix\u00e9es par l'UE pour les m\u00e9taux lourds et les mycotoxines.<\/p>\n<p data-start=\"1100\" data-end=\"1134\"><strong data-start=\"1100\" data-end=\"1132\">Valeurs nutritionnelles pour 100g :<\/strong><\/p>\n<ul data-start=\"1135\" data-end=\"1305\">\n<li data-start=\"1135\" data-end=\"1169\">\n<p data-start=\"1137\" data-end=\"1169\">\u00c9nergie : 1508,5 kJ \/ 355,7 kcal<\/p>\n<\/li>\n<li data-start=\"1170\" data-end=\"1204\">\n<p data-start=\"1172\" data-end=\"1204\">Mati\u00e8res grasses : 1,01 g (satur\u00e9es 0,22 g)<\/p>\n<\/li>\n<li data-start=\"1205\" data-end=\"1246\">\n<p data-start=\"1207\" data-end=\"1246\">Glucides : 73,63 g (sucres 1,2 g)<\/p>\n<\/li>\n<li data-start=\"1247\" data-end=\"1264\">\n<p data-start=\"1249\" data-end=\"1264\">Fibres : 4,01 g<\/p>\n<\/li>\n<li data-start=\"1265\" data-end=\"1285\">\n<p data-start=\"1267\" data-end=\"1285\">Prot\u00e9ines : 11,02 g<\/p>\n<\/li>\n<li data-start=\"1286\" data-end=\"1305\">\n<p data-start=\"1288\" data-end=\"1305\">Sel : &lt; 0.025 g<\/p>\n<\/li>\n<\/ul>\n<p data-start=\"1307\" data-end=\"1463\">Certifi\u00e9 s\u00fbr et durable avec un <strong data-start=\"1341\" data-end=\"1368\">dur\u00e9e de conservation de 10 mois<\/strong>Notre farine de bl\u00e9 T55 est un choix fiable pour les boulangeries, les grossistes et les fabricants de produits alimentaires.<\/p>\n<table style=\"width: 100%; border-collapse: collapse; text-align: center;\">\n<thead>\n<tr style=\"background-color: #f06154; color: #fff;\">\n<th style=\"padding: 8px;\">Poids<\/th>\n<th style=\"padding: 8px;\">Quantit\u00e9 par bo\u00eete \/ pile<\/th>\n<th style=\"padding: 8px;\">Quantit\u00e9 par palette<\/th>\n<th style=\"padding: 8px;\">Total dans le camion<\/th>\n<\/tr>\n<\/thead>\n<tbody>\n<tr style=\"background-color: #ffffff;\">\n<td style=\"padding: 8px;\">1 kg<\/td>\n<td style=\"padding: 8px;\">10 pi\u00e8ces<\/td>\n<td style=\"padding: 8px;\">760 kg<\/td>\n<td style=\"padding: 8px;\">22 800 kg<\/td>\n<\/tr>\n<\/tbody>\n<\/table>","protected":false},"excerpt":{"rendered":"<p>Haute qualit\u00e9 <strong data-start=\"325\" data-end=\"344\">Farine de bl\u00e9 T55<\/strong>Il est id\u00e9al pour le pain et les produits de boulangerie. Avec un gluten \u226527%, une r\u00e9sistance \u00e9quilibr\u00e9e et une dur\u00e9e de conservation de 10 mois, elle garantit des r\u00e9sultats constants pour la boulangerie professionnelle.<\/p>","protected":false},"featured_media":3823,"comment_status":"closed","ping_status":"closed","template":"","meta":{"om_disable_all_campaigns":false},"product_brand":[],"product_cat":[59],"product_tag":[],"class_list":{"0":"post-3451","1":"product","2":"type-product","3":"status-publish","4":"has-post-thumbnail","6":"product_cat-grains-and-flours","8":"first","9":"instock","10":"shipping-taxable","11":"product-type-simple"},"aioseo_notices":[],"jetpack_sharing_enabled":true,"_links":{"self":[{"href":"https:\/\/viktoriadl.com\/fr\/wp-json\/wp\/v2\/product\/3451","targetHints":{"allow":["GET"]}}],"collection":[{"href":"https:\/\/viktoriadl.com\/fr\/wp-json\/wp\/v2\/product"}],"about":[{"href":"https:\/\/viktoriadl.com\/fr\/wp-json\/wp\/v2\/types\/product"}],"replies":[{"embeddable":true,"href":"https:\/\/viktoriadl.com\/fr\/wp-json\/wp\/v2\/comments?post=3451"}],"wp:featuredmedia":[{"embeddable":true,"href":"https:\/\/viktoriadl.com\/fr\/wp-json\/wp\/v2\/media\/3823"}],"wp:attachment":[{"href":"https:\/\/viktoriadl.com\/fr\/wp-json\/wp\/v2\/media?parent=3451"}],"wp:term":[{"taxonomy":"product_brand","embeddable":true,"href":"https:\/\/viktoriadl.com\/fr\/wp-json\/wp\/v2\/product_brand?post=3451"},{"taxonomy":"product_cat","embeddable":true,"href":"https:\/\/viktoriadl.com\/fr\/wp-json\/wp\/v2\/product_cat?post=3451"},{"taxonomy":"product_tag","embeddable":true,"href":"https:\/\/viktoriadl.com\/fr\/wp-json\/wp\/v2\/product_tag?post=3451"}],"curies":[{"name":"wp","href":"https:\/\/api.w.org\/{rel}","templated":true}]}}