{"id":3450,"date":"2025-09-24T17:31:18","date_gmt":"2025-09-24T14:31:18","guid":{"rendered":"https:\/\/viktoriadl.com\/?post_type=product&#038;p=3450"},"modified":"2025-09-30T18:01:25","modified_gmt":"2025-09-30T15:01:25","slug":"muesli","status":"publish","type":"product","link":"https:\/\/viktoriadl.com\/fr\/produit\/muesli\/","title":{"rendered":"Muesli"},"content":{"rendered":"<p data-start=\"383\" data-end=\"602\">Notre <strong data-start=\"387\" data-end=\"410\">Flocons d'avoine (Muesli)<\/strong> sont disponibles en petites et grandes coupes et conviennent \u00e0 la vente au d\u00e9tail et \u00e0 la distribution en vrac. Emball\u00e9s en <strong data-start=\"518\" data-end=\"531\">Sachets de 500g<\/strong>Ils sont palettis\u00e9s pour un stockage, une manutention et un transport efficaces.<\/p>\n<p data-start=\"604\" data-end=\"859\">Produits selon des normes strictes de s\u00e9curit\u00e9 alimentaire, ces flocons d'avoine sont destin\u00e9s \u00e0 \u00eatre utilis\u00e9s dans les c\u00e9r\u00e9ales pour petit-d\u00e9jeuner, les produits de boulangerie et la fabrication de produits alimentaires. La dur\u00e9e de conservation et les conditions de stockage sont conformes aux pratiques industrielles courantes : conserver dans un endroit sec et frais.<\/p>\n<table style=\"width:100%; border-collapse:collapse; text-align:center;\">\n<thead>\n<tr style=\"background-color:#F06154; color:#fff;\">\n<th style=\"padding:8px;\">Poids<\/th>\n<th style=\"padding:8px;\">Quantit\u00e9 par bo\u00eete \/ pile<\/th>\n<th style=\"padding:8px;\">Quantit\u00e9 par palette<\/th>\n<th style=\"padding:8px;\">Total dans le camion<\/th>\n<\/tr>\n<\/thead>\n<tbody>\n<tr style=\"background-color:#ffffff;\">\n<td style=\"padding:8px;\">500 g<\/td>\n<td style=\"padding:8px;\">16 pi\u00e8ces<\/td>\n<td style=\"padding:8px;\">672 kg<\/td>\n<td style=\"padding:8px;\">22 176 kg<\/td>\n<\/tr>\n<\/tbody>\n<\/table>","protected":false},"excerpt":{"rendered":"<p>Flocons d'avoine disponibles en petits et grands formats, conditionn\u00e9s en sachets de 500 g pour la distribution en gros.<\/p>","protected":false},"featured_media":3423,"comment_status":"closed","ping_status":"closed","template":"","meta":{"om_disable_all_campaigns":false},"product_brand":[],"product_cat":[61],"product_tag":[],"class_list":{"0":"post-3450","1":"product","2":"type-product","3":"status-publish","4":"has-post-thumbnail","6":"product_cat-cereal","8":"first","9":"instock","10":"shipping-taxable","11":"product-type-simple"},"aioseo_notices":[],"jetpack_sharing_enabled":true,"_links":{"self":[{"href":"https:\/\/viktoriadl.com\/fr\/wp-json\/wp\/v2\/product\/3450","targetHints":{"allow":["GET"]}}],"collection":[{"href":"https:\/\/viktoriadl.com\/fr\/wp-json\/wp\/v2\/product"}],"about":[{"href":"https:\/\/viktoriadl.com\/fr\/wp-json\/wp\/v2\/types\/product"}],"replies":[{"embeddable":true,"href":"https:\/\/viktoriadl.com\/fr\/wp-json\/wp\/v2\/comments?post=3450"}],"wp:featuredmedia":[{"embeddable":true,"href":"https:\/\/viktoriadl.com\/fr\/wp-json\/wp\/v2\/media\/3423"}],"wp:attachment":[{"href":"https:\/\/viktoriadl.com\/fr\/wp-json\/wp\/v2\/media?parent=3450"}],"wp:term":[{"taxonomy":"product_brand","embeddable":true,"href":"https:\/\/viktoriadl.com\/fr\/wp-json\/wp\/v2\/product_brand?post=3450"},{"taxonomy":"product_cat","embeddable":true,"href":"https:\/\/viktoriadl.com\/fr\/wp-json\/wp\/v2\/product_cat?post=3450"},{"taxonomy":"product_tag","embeddable":true,"href":"https:\/\/viktoriadl.com\/fr\/wp-json\/wp\/v2\/product_tag?post=3450"}],"curies":[{"name":"wp","href":"https:\/\/api.w.org\/{rel}","templated":true}]}}