{"id":3449,"date":"2025-09-24T17:29:22","date_gmt":"2025-09-24T14:29:22","guid":{"rendered":"https:\/\/viktoriadl.com\/?post_type=product&#038;p=3449"},"modified":"2025-09-30T18:27:03","modified_gmt":"2025-09-30T15:27:03","slug":"tchicha-dorge","status":"publish","type":"product","link":"https:\/\/viktoriadl.com\/fr\/produit\/tchicha-dorge\/","title":{"rendered":"Orge (Tchicha)"},"content":{"rendered":"<p data-start=\"181\" data-end=\"481\">Une qualit\u00e9 sup\u00e9rieure <strong data-start=\"199\" data-end=\"215\">farine d'orge<\/strong> finement moulue en une poudre douce, parfaite pour la p\u00e2tisserie, l'\u00e9paississement des soupes et l'ajout de fibres naturelles \u00e0 vos recettes. Conditionn\u00e9e dans des sacs en papier pratiques de 5 kg, elle offre une saveur saine et l\u00e9g\u00e8rement noiset\u00e9e et constitue une excellente alternative aux farines de bl\u00e9 pour des p\u00e2tisseries plus diversifi\u00e9es.<\/p>\n<ul data-start=\"483\" data-end=\"630\">\n<li data-start=\"483\" data-end=\"511\">\n<p data-start=\"485\" data-end=\"511\"><strong data-start=\"485\" data-end=\"497\">Texture :<\/strong> Poudre fine<\/p>\n<\/li>\n<li data-start=\"512\" data-end=\"541\">\n<p data-start=\"514\" data-end=\"541\"><strong data-start=\"514\" data-end=\"529\">Dur\u00e9e de conservation :<\/strong> 10 mois<\/p>\n<\/li>\n<li data-start=\"542\" data-end=\"576\">\n<p data-start=\"544\" data-end=\"576\"><strong data-start=\"544\" data-end=\"558\">Emballage :<\/strong> Sacs en papier de 5 kg<\/p>\n<\/li>\n<li data-start=\"577\" data-end=\"630\">\n<p data-start=\"579\" data-end=\"630\"><strong data-start=\"579\" data-end=\"591\">Stockage :<\/strong> Conserver dans un endroit frais, propre et sec.<\/p>\n<\/li>\n<\/ul>\n<p data-start=\"632\" data-end=\"651\"><strong data-start=\"632\" data-end=\"649\">Principaux avantages :<\/strong><\/p>\n<ul data-start=\"652\" data-end=\"828\">\n<li data-start=\"652\" data-end=\"696\">\n<p data-start=\"654\" data-end=\"696\">Riche en fibres alimentaires (14,7 g pour 100 g)<\/p>\n<\/li>\n<li data-start=\"697\" data-end=\"739\">\n<p data-start=\"699\" data-end=\"739\">Naturellement pauvre en mati\u00e8res grasses (1,3 g pour 100 g)<\/p>\n<\/li>\n<li data-start=\"740\" data-end=\"780\">\n<p data-start=\"742\" data-end=\"780\">Apporte 10,3 g de prot\u00e9ines par 100 g<\/p>\n<\/li>\n<li data-start=\"781\" data-end=\"828\">\n<p data-start=\"783\" data-end=\"828\">Valeur \u00e9nerg\u00e9tique : 1 604 kJ \/ 382 kcal par 100 g<\/p>\n<\/li>\n<\/ul>\n<p data-start=\"830\" data-end=\"853\"><strong data-start=\"830\" data-end=\"851\">S\u00e9curit\u00e9 et qualit\u00e9 :<\/strong><\/p>\n<ul data-start=\"854\" data-end=\"1054\">\n<li data-start=\"854\" data-end=\"934\">\n<p data-start=\"856\" data-end=\"934\">Conforme aux normes de s\u00e9curit\u00e9 alimentaire de l'UE, certifi\u00e9 ISO 9001:2015 et FSSC 22000\/HACCP<\/p>\n<\/li>\n<li data-start=\"935\" data-end=\"974\">\n<p data-start=\"937\" data-end=\"974\">Exempt de micro-organismes pathog\u00e8nes<\/p>\n<\/li>\n<li data-start=\"975\" data-end=\"1025\">\n<p data-start=\"977\" data-end=\"1025\">M\u00e9taux lourds et mycotoxines dans les limites de s\u00e9curit\u00e9<\/p>\n<\/li>\n<li data-start=\"1026\" data-end=\"1054\">\n<p data-start=\"1028\" data-end=\"1054\">Contient du gluten (orge)<\/p>\n<\/li>\n<\/ul>\n<p data-start=\"1056\" data-end=\"1185\">Cette farine d'orge est id\u00e9ale pour les boulangeries, les restaurants et les fabricants de produits alimentaires \u00e0 la recherche d'un ingr\u00e9dient nutritif de haute qualit\u00e9.<\/p>","protected":false},"excerpt":{"rendered":"<p>Farine d'orge riche en fibres, au go\u00fbt doux de noisette, id\u00e9ale pour la p\u00e2tisserie et la cuisine.<\/p>","protected":false},"featured_media":3422,"comment_status":"closed","ping_status":"closed","template":"","meta":{"om_disable_all_campaigns":false},"product_brand":[],"product_cat":[59],"product_tag":[],"class_list":{"0":"post-3449","1":"product","2":"type-product","3":"status-publish","4":"has-post-thumbnail","6":"product_cat-grains-and-flours","8":"first","9":"instock","10":"shipping-taxable","11":"product-type-variable"},"aioseo_notices":[],"jetpack_sharing_enabled":true,"_links":{"self":[{"href":"https:\/\/viktoriadl.com\/fr\/wp-json\/wp\/v2\/product\/3449","targetHints":{"allow":["GET"]}}],"collection":[{"href":"https:\/\/viktoriadl.com\/fr\/wp-json\/wp\/v2\/product"}],"about":[{"href":"https:\/\/viktoriadl.com\/fr\/wp-json\/wp\/v2\/types\/product"}],"replies":[{"embeddable":true,"href":"https:\/\/viktoriadl.com\/fr\/wp-json\/wp\/v2\/comments?post=3449"}],"wp:featuredmedia":[{"embeddable":true,"href":"https:\/\/viktoriadl.com\/fr\/wp-json\/wp\/v2\/media\/3422"}],"wp:attachment":[{"href":"https:\/\/viktoriadl.com\/fr\/wp-json\/wp\/v2\/media?parent=3449"}],"wp:term":[{"taxonomy":"product_brand","embeddable":true,"href":"https:\/\/viktoriadl.com\/fr\/wp-json\/wp\/v2\/product_brand?post=3449"},{"taxonomy":"product_cat","embeddable":true,"href":"https:\/\/viktoriadl.com\/fr\/wp-json\/wp\/v2\/product_cat?post=3449"},{"taxonomy":"product_tag","embeddable":true,"href":"https:\/\/viktoriadl.com\/fr\/wp-json\/wp\/v2\/product_tag?post=3449"}],"curies":[{"name":"wp","href":"https:\/\/api.w.org\/{rel}","templated":true}]}}