{"id":3447,"date":"2025-09-24T17:24:52","date_gmt":"2025-09-24T14:24:52","guid":{"rendered":"https:\/\/viktoriadl.com\/?post_type=product&#038;p=3447"},"modified":"2025-09-30T18:01:57","modified_gmt":"2025-09-30T15:01:57","slug":"pate-de-tomates","status":"publish","type":"product","link":"https:\/\/viktoriadl.com\/fr\/produit\/pate-de-tomates\/","title":{"rendered":"P\u00e2te de tomates"},"content":{"rendered":"<p data-start=\"258\" data-end=\"526\">Notre <strong data-start=\"262\" data-end=\"278\">P\u00e2te de tomates<\/strong> est soigneusement pr\u00e9par\u00e9e \u00e0 partir de tomates de haute qualit\u00e9, conditionn\u00e9e en <strong data-start=\"339\" data-end=\"358\">Bocaux en verre de 700g<\/strong> pour la fra\u00eecheur et la commodit\u00e9. Adapt\u00e9 aux rayons des d\u00e9taillants, aux services alimentaires et aux cuisines industrielles, ce produit offre une texture homog\u00e8ne et une saveur profonde de tomate.<\/p>\n<p data-start=\"528\" data-end=\"643\">Gr\u00e2ce \u00e0 un emballage s\u00e9curis\u00e9 et \u00e0 une logistique palettis\u00e9e, il garantit un transport s\u00fbr et une distribution efficace \u00e0 grande \u00e9chelle.<\/p>\n<p data-start=\"645\" data-end=\"664\"><strong data-start=\"645\" data-end=\"662\">Caract\u00e9ristiques principales :<\/strong><\/p>\n<ul data-start=\"665\" data-end=\"828\">\n<li data-start=\"665\" data-end=\"698\">\n<p data-start=\"667\" data-end=\"698\">Bocaux en verre de 700 g, pr\u00eats pour la vente au d\u00e9tail<\/p>\n<\/li>\n<li data-start=\"699\" data-end=\"739\">\n<p data-start=\"701\" data-end=\"739\">Longue dur\u00e9e de conservation sous r\u00e9serve d'un stockage ad\u00e9quat<\/p>\n<\/li>\n<li data-start=\"740\" data-end=\"779\">\n<p data-start=\"742\" data-end=\"779\">Saveur forte et consistance \u00e9paisse<\/p>\n<\/li>\n<li data-start=\"780\" data-end=\"828\">\n<p data-start=\"782\" data-end=\"828\">Commerce de gros, commerce de d\u00e9tail et services de restauration adapt\u00e9s<\/p>\n<\/li>\n<\/ul>\n<table style=\"width:100%; border-collapse:collapse; text-align:center;\">\n<thead>\n<tr style=\"background-color:#F06154; color:#fff;\">\n<th style=\"padding:8px;\">Poids<\/th>\n<th style=\"padding:8px;\">Quantit\u00e9 par bo\u00eete \/ pile<\/th>\n<th style=\"padding:8px;\">Quantit\u00e9 par palette<\/th>\n<th style=\"padding:8px;\">Total dans le camion<\/th>\n<\/tr>\n<\/thead>\n<tbody>\n<tr style=\"background-color:#ffffff;\">\n<td style=\"padding:8px;\">700 g<\/td>\n<td style=\"padding:8px;\">6 pi\u00e8ces<\/td>\n<td style=\"padding:8px;\">600 pc<\/td>\n<td style=\"padding:8px;\">19 800 pc<\/td>\n<\/tr>\n<\/tbody>\n<\/table>","protected":false},"excerpt":{"rendered":"<p>Riche en p\u00e2te de tomate dans <strong data-start=\"160\" data-end=\"173\">Bocaux de 700g<\/strong>Le produit est id\u00e9al pour l'usage culinaire et la distribution en gros.<\/p>","protected":false},"featured_media":3549,"comment_status":"closed","ping_status":"closed","template":"","meta":{"om_disable_all_campaigns":false},"product_brand":[],"product_cat":[62],"product_tag":[],"class_list":{"0":"post-3447","1":"product","2":"type-product","3":"status-publish","4":"has-post-thumbnail","6":"product_cat-condiments-and-sauces","8":"first","9":"instock","10":"shipping-taxable","11":"product-type-simple"},"aioseo_notices":[],"jetpack_sharing_enabled":true,"_links":{"self":[{"href":"https:\/\/viktoriadl.com\/fr\/wp-json\/wp\/v2\/product\/3447","targetHints":{"allow":["GET"]}}],"collection":[{"href":"https:\/\/viktoriadl.com\/fr\/wp-json\/wp\/v2\/product"}],"about":[{"href":"https:\/\/viktoriadl.com\/fr\/wp-json\/wp\/v2\/types\/product"}],"replies":[{"embeddable":true,"href":"https:\/\/viktoriadl.com\/fr\/wp-json\/wp\/v2\/comments?post=3447"}],"wp:featuredmedia":[{"embeddable":true,"href":"https:\/\/viktoriadl.com\/fr\/wp-json\/wp\/v2\/media\/3549"}],"wp:attachment":[{"href":"https:\/\/viktoriadl.com\/fr\/wp-json\/wp\/v2\/media?parent=3447"}],"wp:term":[{"taxonomy":"product_brand","embeddable":true,"href":"https:\/\/viktoriadl.com\/fr\/wp-json\/wp\/v2\/product_brand?post=3447"},{"taxonomy":"product_cat","embeddable":true,"href":"https:\/\/viktoriadl.com\/fr\/wp-json\/wp\/v2\/product_cat?post=3447"},{"taxonomy":"product_tag","embeddable":true,"href":"https:\/\/viktoriadl.com\/fr\/wp-json\/wp\/v2\/product_tag?post=3447"}],"curies":[{"name":"wp","href":"https:\/\/api.w.org\/{rel}","templated":true}]}}