{"id":3446,"date":"2025-09-24T17:22:55","date_gmt":"2025-09-24T14:22:55","guid":{"rendered":"https:\/\/viktoriadl.com\/?post_type=product&#038;p=3446"},"modified":"2025-09-30T18:02:06","modified_gmt":"2025-09-30T15:02:06","slug":"boissons-non-alcoolisees-sans-sucre","status":"publish","type":"product","link":"https:\/\/viktoriadl.com\/fr\/produit\/boissons-non-alcoolisees-sans-sucre\/","title":{"rendered":"Boissons non alcoolis\u00e9es sans sucre"},"content":{"rendered":"<p data-start=\"289\" data-end=\"557\">Notre <strong data-start=\"293\" data-end=\"322\">Boissons non alcoolis\u00e9es sans sucre<\/strong> sont fournis en grandes quantit\u00e9s <strong data-start=\"345\" data-end=\"363\">Bouteilles PET de 2 litres<\/strong>Ces boissons sont conditionn\u00e9es dans un emballage pratique pour les rayons des d\u00e9taillants, les horeca et la distribution en gros. Disponibles dans une vari\u00e9t\u00e9 de saveurs, ces boissons sont emball\u00e9es de mani\u00e8re s\u00fbre pour le transport et le stockage \u00e0 long terme.<\/p>\n<p data-start=\"559\" data-end=\"721\">Gr\u00e2ce \u00e0 sa logistique palettis\u00e9e et \u00e0 ses volumes pr\u00eats \u00e0 \u00eatre transport\u00e9s, ce produit est bien adapt\u00e9 au commerce international B2B, garantissant une livraison efficace et un approvisionnement fiable.<\/p>\n<p data-start=\"723\" data-end=\"742\"><strong data-start=\"723\" data-end=\"740\">Caract\u00e9ristiques principales :<\/strong><\/p>\n<ul data-start=\"743\" data-end=\"883\">\n<li data-start=\"743\" data-end=\"761\">\n<p data-start=\"745\" data-end=\"761\">Bouteilles PET de 2 litres<\/p>\n<\/li>\n<li data-start=\"762\" data-end=\"802\">\n<p data-start=\"764\" data-end=\"802\">Assortiment de boissons rafra\u00eechissantes sans sucre<\/p>\n<\/li>\n<li data-start=\"803\" data-end=\"842\">\n<p data-start=\"805\" data-end=\"842\">Emballage pr\u00eat \u00e0 l'emploi pour le commerce de gros et de d\u00e9tail<\/p>\n<\/li>\n<li data-start=\"843\" data-end=\"883\">\n<p data-start=\"845\" data-end=\"883\">Logistique efficace des palettes et des camions<\/p>\n<\/li>\n<\/ul>\n<table style=\"width:100%; border-collapse:collapse; text-align:center;\">\n<thead>\n<tr style=\"background-color:#F06154; color:#fff;\">\n<th style=\"padding:8px;\">Volume<\/th>\n<th style=\"padding:8px;\">Quantit\u00e9 par bo\u00eete \/ pile<\/th>\n<th style=\"padding:8px;\">Quantit\u00e9 par palette<\/th>\n<th style=\"padding:8px;\">Total dans le camion<\/th>\n<\/tr>\n<\/thead>\n<tbody>\n<tr style=\"background-color:#ffffff;\">\n<td style=\"padding:8px;\">2 L<\/td>\n<td style=\"padding:8px;\">6 pi\u00e8ces<\/td>\n<td style=\"padding:8px;\">384 pc<\/td>\n<td style=\"padding:8px;\">11 136 pc<\/td>\n<\/tr>\n<\/tbody>\n<\/table>","protected":false},"excerpt":{"rendered":"<p>Assortiment de boissons non alcoolis\u00e9es sans sucre en bouteilles PET de 2 litres, parfaites pour la distribution en gros.<\/p>","protected":false},"featured_media":1253,"comment_status":"closed","ping_status":"closed","template":"","meta":{"om_disable_all_campaigns":false},"product_brand":[],"product_cat":[64],"product_tag":[],"class_list":{"0":"post-3446","1":"product","2":"type-product","3":"status-publish","4":"has-post-thumbnail","6":"product_cat-beverages","8":"first","9":"instock","10":"shipping-taxable","11":"product-type-simple"},"aioseo_notices":[],"jetpack_sharing_enabled":true,"_links":{"self":[{"href":"https:\/\/viktoriadl.com\/fr\/wp-json\/wp\/v2\/product\/3446","targetHints":{"allow":["GET"]}}],"collection":[{"href":"https:\/\/viktoriadl.com\/fr\/wp-json\/wp\/v2\/product"}],"about":[{"href":"https:\/\/viktoriadl.com\/fr\/wp-json\/wp\/v2\/types\/product"}],"replies":[{"embeddable":true,"href":"https:\/\/viktoriadl.com\/fr\/wp-json\/wp\/v2\/comments?post=3446"}],"wp:featuredmedia":[{"embeddable":true,"href":"https:\/\/viktoriadl.com\/fr\/wp-json\/wp\/v2\/media\/1253"}],"wp:attachment":[{"href":"https:\/\/viktoriadl.com\/fr\/wp-json\/wp\/v2\/media?parent=3446"}],"wp:term":[{"taxonomy":"product_brand","embeddable":true,"href":"https:\/\/viktoriadl.com\/fr\/wp-json\/wp\/v2\/product_brand?post=3446"},{"taxonomy":"product_cat","embeddable":true,"href":"https:\/\/viktoriadl.com\/fr\/wp-json\/wp\/v2\/product_cat?post=3446"},{"taxonomy":"product_tag","embeddable":true,"href":"https:\/\/viktoriadl.com\/fr\/wp-json\/wp\/v2\/product_tag?post=3446"}],"curies":[{"name":"wp","href":"https:\/\/api.w.org\/{rel}","templated":true}]}}