{"id":3467,"date":"2025-09-25T17:43:18","date_gmt":"2025-09-25T14:43:18","guid":{"rendered":"https:\/\/viktoriadl.com\/?post_type=product&#038;p=3467"},"modified":"2025-09-30T17:59:11","modified_gmt":"2025-09-30T14:59:11","slug":"harina-para-pizza-2","status":"publish","type":"product","link":"https:\/\/viktoriadl.com\/es\/producto\/harina-para-pizza-2\/","title":{"rendered":"Harina para pizza"},"content":{"rendered":"<p data-start=\"1441\" data-end=\"1700\">Nuestra <strong data-start=\"1445\" data-end=\"1460\">Harina para pizza<\/strong> est\u00e1 especialmente molido para uso profesional en masas de pizza, panes y aplicaciones de panader\u00eda. Con un <strong data-start=\"1558\" data-end=\"1594\">contenido en gluten de al menos 25,2%<\/strong>La base de pizza, con una elasticidad y una estructura excelentes, garantiza resultados uniformes en las bases de pizza aut\u00e9nticas.<\/p>\n<p data-start=\"1702\" data-end=\"2011\">La harina se somete a pruebas minuciosas para cumplir las estrictas normas europeas de seguridad alimentaria: <strong data-start=\"1779\" data-end=\"1796\">humedad \u226415%<\/strong>El proceso de panificaci\u00f3n se caracteriza por la ausencia de g\u00e9rmenes pat\u00f3genos y el cumplimiento de los l\u00edmites de la UE sobre metales pesados y micotoxinas. Ofrece caracter\u00edsticas de panificaci\u00f3n equilibradas, como <strong data-start=\"1946\" data-end=\"1986\">actividad alfa-amilasa (280-380 seg)<\/strong> y granulometr\u00eda fina.<\/p>\n<p data-start=\"2013\" data-end=\"2047\"><strong data-start=\"2013\" data-end=\"2045\">Valores nutricionales por 100 g:<\/strong><\/p>\n<ul data-start=\"2048\" data-end=\"2218\">\n<li data-start=\"2048\" data-end=\"2082\">\n<p data-start=\"2050\" data-end=\"2082\">Energ\u00eda: 1508,5 kJ \/ 355,7 kcal<\/p>\n<\/li>\n<li data-start=\"2083\" data-end=\"2117\">\n<p data-start=\"2085\" data-end=\"2117\">Grasa: 1,01 g (saturada 0,22 g)<\/p>\n<\/li>\n<li data-start=\"2118\" data-end=\"2159\">\n<p data-start=\"2120\" data-end=\"2159\">Carbohidratos: 73,63 g (az\u00facares 1,2 g)<\/p>\n<\/li>\n<li data-start=\"2160\" data-end=\"2177\">\n<p data-start=\"2162\" data-end=\"2177\">Fibra: 4,01 g<\/p>\n<\/li>\n<li data-start=\"2178\" data-end=\"2198\">\n<p data-start=\"2180\" data-end=\"2198\">Prote\u00ednas: 11,02 g<\/p>\n<\/li>\n<li data-start=\"2199\" data-end=\"2218\">\n<p data-start=\"2201\" data-end=\"2218\">Sal: &lt; 0.025 g<\/p>\n<\/li>\n<\/ul>\n<table style=\"width:100%; border-collapse:collapse; text-align:center;\">\n<thead>\n<tr style=\"background-color:#F06154; color:#fff;\">\n<th style=\"padding:8px;\">Peso<\/th>\n<th style=\"padding:8px;\">Cantidad por caja \/ pila<\/th>\n<th style=\"padding:8px;\">Cantidad por paleta<\/th>\n<th style=\"padding:8px;\">Total en cami\u00f3n<\/th>\n<\/tr>\n<\/thead>\n<tbody>\n<tr style=\"background-color:#ffffff;\">\n<td style=\"padding:8px;\">1 kg<\/td>\n<td style=\"padding:8px;\">10 piezas<\/td>\n<td style=\"padding:8px;\">780 kg<\/td>\n<td style=\"padding:8px;\">22 620 kg<\/td>\n<\/tr>\n<tr style=\"background-color:#f5f5f5;\">\n<td style=\"padding:8px;\">5 kg<\/td>\n<td style=\"padding:8px;\">1 unidad<\/td>\n<td style=\"padding:8px;\">780 kg<\/td>\n<td style=\"padding:8px;\">22 620 kg<\/td>\n<\/tr>\n<\/tbody>\n<\/table>","protected":false},"excerpt":{"rendered":"<p>Alta calidad <strong data-start=\"1251\" data-end=\"1266\">Harina para pizza<\/strong> con gluten \u226525%, ideal para masas el\u00e1sticas y resultados de horneado consistentes. Caducidad 10 meses, suministrado en envases a granel para compradores al por mayor.<\/p>","protected":false},"featured_media":3149,"comment_status":"closed","ping_status":"closed","template":"","meta":{"om_disable_all_campaigns":false},"product_brand":[],"product_cat":[59],"product_tag":[],"class_list":{"0":"post-3467","1":"product","2":"type-product","3":"status-publish","4":"has-post-thumbnail","6":"product_cat-grains-and-flours","8":"first","9":"instock","10":"shipping-taxable","11":"purchasable","12":"product-type-variable"},"aioseo_notices":[],"jetpack_sharing_enabled":true,"_links":{"self":[{"href":"https:\/\/viktoriadl.com\/es\/wp-json\/wp\/v2\/product\/3467","targetHints":{"allow":["GET"]}}],"collection":[{"href":"https:\/\/viktoriadl.com\/es\/wp-json\/wp\/v2\/product"}],"about":[{"href":"https:\/\/viktoriadl.com\/es\/wp-json\/wp\/v2\/types\/product"}],"replies":[{"embeddable":true,"href":"https:\/\/viktoriadl.com\/es\/wp-json\/wp\/v2\/comments?post=3467"}],"wp:featuredmedia":[{"embeddable":true,"href":"https:\/\/viktoriadl.com\/es\/wp-json\/wp\/v2\/media\/3149"}],"wp:attachment":[{"href":"https:\/\/viktoriadl.com\/es\/wp-json\/wp\/v2\/media?parent=3467"}],"wp:term":[{"taxonomy":"product_brand","embeddable":true,"href":"https:\/\/viktoriadl.com\/es\/wp-json\/wp\/v2\/product_brand?post=3467"},{"taxonomy":"product_cat","embeddable":true,"href":"https:\/\/viktoriadl.com\/es\/wp-json\/wp\/v2\/product_cat?post=3467"},{"taxonomy":"product_tag","embeddable":true,"href":"https:\/\/viktoriadl.com\/es\/wp-json\/wp\/v2\/product_tag?post=3467"}],"curies":[{"name":"wp","href":"https:\/\/api.w.org\/{rel}","templated":true}]}}