{"id":3465,"date":"2025-09-25T17:39:43","date_gmt":"2025-09-25T14:39:43","guid":{"rendered":"https:\/\/viktoriadl.com\/?post_type=product&#038;p=3465"},"modified":"2025-09-30T17:59:40","modified_gmt":"2025-09-30T14:59:40","slug":"harina-de-arroz","status":"publish","type":"product","link":"https:\/\/viktoriadl.com\/es\/producto\/harina-de-arroz\/","title":{"rendered":"Harina de arroz"},"content":{"rendered":"<p data-start=\"1505\" data-end=\"1829\">Nuestra <strong data-start=\"1509\" data-end=\"1523\">Harina de arroz<\/strong> se produce bajo estrictas normas de calidad, ofreciendo un polvo limpio y finamente molido ideal para la producci\u00f3n de pan, productos horneados y otras aplicaciones alimentarias. Con un <strong data-start=\"1691\" data-end=\"1718\">caducidad de 10 meses<\/strong> y conveniente <strong data-start=\"1734\" data-end=\"1761\">Envasado en bolsa de papel de 1 kg<\/strong>garantiza tanto la frescura como la practicidad para uso profesional.<\/p>\n<p data-start=\"1831\" data-end=\"2064\">Las pruebas anal\u00edticas confirman la baja humedad (&lt;15%), la ausencia de microorganismos pat\u00f3genos y el cumplimiento de los l\u00edmites de la UE para metales pesados y micotoxinas. La harina no <strong data-start=\"1996\" data-end=\"2021\">no contiene al\u00e9rgenos<\/strong> que figuran en el Reglamento (UE) n\u00ba 1169\/2011.<\/p>\n<p data-start=\"2066\" data-end=\"2099\"><strong data-start=\"2066\" data-end=\"2097\">Valor nutritivo por 100 g:<\/strong><\/p>\n<ul data-start=\"2100\" data-end=\"2241\">\n<li data-start=\"2100\" data-end=\"2130\">\n<p data-start=\"2102\" data-end=\"2130\">Energ\u00eda: 1495 kJ (356 kcal)<\/p>\n<\/li>\n<li data-start=\"2131\" data-end=\"2164\">\n<p data-start=\"2133\" data-end=\"2164\">Grasas: 0,6 g (saturadas 0,02 g)<\/p>\n<\/li>\n<li data-start=\"2165\" data-end=\"2203\">\n<p data-start=\"2167\" data-end=\"2203\">Carbohidratos 80 g (az\u00facares 2,2 g)<\/p>\n<\/li>\n<li data-start=\"2204\" data-end=\"2222\">\n<p data-start=\"2206\" data-end=\"2222\">Prote\u00ednas: 7,6 g<\/p>\n<\/li>\n<li data-start=\"2223\" data-end=\"2241\">\n<p data-start=\"2225\" data-end=\"2241\">Sal: &lt; 0.01 g<\/p>\n<\/li>\n<\/ul>\n<p data-start=\"2243\" data-end=\"2399\">Certificado conforme a <strong data-start=\"2266\" data-end=\"2283\">ISO 9001:2015<\/strong> y <strong data-start=\"2288\" data-end=\"2308\">FSSC 22000\/HACCP<\/strong>Nuestra harina de arroz es una opci\u00f3n segura y fiable para la venta al por mayor y las aplicaciones industriales.<\/p>\n<p>&nbsp;<\/p>\n<table style=\"width: 100%; border-collapse: collapse; text-align: center;\">\n<thead>\n<tr style=\"background-color: #f06154; color: #fff;\">\n<th style=\"padding: 8px;\">Peso<\/th>\n<th style=\"padding: 8px;\">Cantidad por caja \/ pila<\/th>\n<th style=\"padding: 8px;\">Cantidad por paleta<\/th>\n<th style=\"padding: 8px;\">Total en cami\u00f3n<\/th>\n<\/tr>\n<\/thead>\n<tbody>\n<tr style=\"background-color: #ffffff;\">\n<td style=\"padding: 8px;\">1 kg<\/td>\n<td style=\"padding: 8px;\">10 piezas<\/td>\n<td style=\"padding: 8px;\">780 kg<\/td>\n<td style=\"padding: 8px;\">22 620 kg<\/td>\n<\/tr>\n<tr style=\"background-color: #f5f5f5;\">\n<td style=\"padding: 8px;\">5 kg<\/td>\n<td style=\"padding: 8px;\">1 unidad<\/td>\n<td style=\"padding: 8px;\">780 kg<\/td>\n<td style=\"padding: 8px;\">22 620 kg<\/td>\n<\/tr>\n<\/tbody>\n<\/table>","protected":false},"excerpt":{"rendered":"<p>Molido fino <strong data-start=\"1312\" data-end=\"1326\">Harina de arroz<\/strong> Adecuado para pan, productos horneados y producci\u00f3n de alimentos. Envasado en bolsas de papel de 1 kg, caducidad de 10 meses. Certificado ISO 9001:2015 y FSSC 22000.<\/p>","protected":false},"featured_media":3149,"comment_status":"closed","ping_status":"closed","template":"","meta":{"om_disable_all_campaigns":false},"product_brand":[],"product_cat":[59],"product_tag":[],"class_list":{"0":"post-3465","1":"product","2":"type-product","3":"status-publish","4":"has-post-thumbnail","6":"product_cat-grains-and-flours","8":"first","9":"instock","10":"shipping-taxable","11":"purchasable","12":"product-type-variable"},"aioseo_notices":[],"jetpack_sharing_enabled":true,"_links":{"self":[{"href":"https:\/\/viktoriadl.com\/es\/wp-json\/wp\/v2\/product\/3465","targetHints":{"allow":["GET"]}}],"collection":[{"href":"https:\/\/viktoriadl.com\/es\/wp-json\/wp\/v2\/product"}],"about":[{"href":"https:\/\/viktoriadl.com\/es\/wp-json\/wp\/v2\/types\/product"}],"replies":[{"embeddable":true,"href":"https:\/\/viktoriadl.com\/es\/wp-json\/wp\/v2\/comments?post=3465"}],"wp:featuredmedia":[{"embeddable":true,"href":"https:\/\/viktoriadl.com\/es\/wp-json\/wp\/v2\/media\/3149"}],"wp:attachment":[{"href":"https:\/\/viktoriadl.com\/es\/wp-json\/wp\/v2\/media?parent=3465"}],"wp:term":[{"taxonomy":"product_brand","embeddable":true,"href":"https:\/\/viktoriadl.com\/es\/wp-json\/wp\/v2\/product_brand?post=3465"},{"taxonomy":"product_cat","embeddable":true,"href":"https:\/\/viktoriadl.com\/es\/wp-json\/wp\/v2\/product_cat?post=3465"},{"taxonomy":"product_tag","embeddable":true,"href":"https:\/\/viktoriadl.com\/es\/wp-json\/wp\/v2\/product_tag?post=3465"}],"curies":[{"name":"wp","href":"https:\/\/api.w.org\/{rel}","templated":true}]}}