{"id":3456,"date":"2025-09-24T17:51:56","date_gmt":"2025-09-24T14:51:56","guid":{"rendered":"https:\/\/viktoriadl.com\/?post_type=product&#038;p=3456"},"modified":"2025-09-30T17:59:57","modified_gmt":"2025-09-30T14:59:57","slug":"azucar-cristal","status":"publish","type":"product","link":"https:\/\/viktoriadl.com\/es\/producto\/azucar-cristal\/","title":{"rendered":"Az\u00facar cristal"},"content":{"rendered":"<p data-start=\"295\" data-end=\"530\">Nuestra <strong data-start=\"299\" data-end=\"316\">Az\u00facar cristal<\/strong> se refina y procesa en condiciones controladas para garantizar una calidad y un rendimiento constantes para uso profesional. Se aplica ampliamente en la fabricaci\u00f3n de alimentos, panader\u00eda, confiter\u00eda y producci\u00f3n de bebidas.<\/p>\n<p data-start=\"532\" data-end=\"764\">Disponible en envases a granel para el suministro al por mayor, ofrece una manipulaci\u00f3n, transporte y almacenamiento eficaces. La vida \u00fatil y las condiciones de almacenamiento siguen los requisitos est\u00e1ndar de la industria: almacenar en un lugar limpio y seco en condiciones ambientales.<\/p>\n<p data-start=\"766\" data-end=\"785\"><strong data-start=\"766\" data-end=\"783\">Caracter\u00edsticas principales:<\/strong><\/p>\n<ul data-start=\"786\" data-end=\"1048\">\n<li data-start=\"786\" data-end=\"829\">\n<p data-start=\"788\" data-end=\"829\">Az\u00facar cristal refinado envasado a granel<\/p>\n<\/li>\n<li data-start=\"830\" data-end=\"879\">\n<p data-start=\"832\" data-end=\"879\">Adecuado para la producci\u00f3n y distribuci\u00f3n de alimentos<\/p>\n<\/li>\n<li data-start=\"880\" data-end=\"943\">\n<p data-start=\"882\" data-end=\"943\">Calidad constante en panader\u00eda, pasteler\u00eda y bebidas<\/p>\n<\/li>\n<li data-start=\"944\" data-end=\"995\">\n<p data-start=\"946\" data-end=\"995\">Larga vida \u00fatil en condiciones de almacenamiento adecuadas<\/p>\n<\/li>\n<li data-start=\"996\" data-end=\"1048\">\n<p data-start=\"998\" data-end=\"1048\">Paletizado para un transporte y una log\u00edstica eficaces<\/p>\n<\/li>\n<\/ul>","protected":false},"excerpt":{"rendered":"<p>Az\u00facar cristal refinado envasado en formatos a granel, adecuado para la producci\u00f3n industrial de alimentos y la distribuci\u00f3n al por mayor.<\/p>","protected":false},"featured_media":3550,"comment_status":"closed","ping_status":"closed","template":"","meta":{"om_disable_all_campaigns":false},"product_brand":[],"product_cat":[60],"product_tag":[],"class_list":{"0":"post-3456","1":"product","2":"type-product","3":"status-publish","4":"has-post-thumbnail","6":"product_cat-sugars-and-sweeteners","8":"first","9":"instock","10":"shipping-taxable","11":"product-type-simple"},"aioseo_notices":[],"jetpack_sharing_enabled":true,"_links":{"self":[{"href":"https:\/\/viktoriadl.com\/es\/wp-json\/wp\/v2\/product\/3456","targetHints":{"allow":["GET"]}}],"collection":[{"href":"https:\/\/viktoriadl.com\/es\/wp-json\/wp\/v2\/product"}],"about":[{"href":"https:\/\/viktoriadl.com\/es\/wp-json\/wp\/v2\/types\/product"}],"replies":[{"embeddable":true,"href":"https:\/\/viktoriadl.com\/es\/wp-json\/wp\/v2\/comments?post=3456"}],"wp:featuredmedia":[{"embeddable":true,"href":"https:\/\/viktoriadl.com\/es\/wp-json\/wp\/v2\/media\/3550"}],"wp:attachment":[{"href":"https:\/\/viktoriadl.com\/es\/wp-json\/wp\/v2\/media?parent=3456"}],"wp:term":[{"taxonomy":"product_brand","embeddable":true,"href":"https:\/\/viktoriadl.com\/es\/wp-json\/wp\/v2\/product_brand?post=3456"},{"taxonomy":"product_cat","embeddable":true,"href":"https:\/\/viktoriadl.com\/es\/wp-json\/wp\/v2\/product_cat?post=3456"},{"taxonomy":"product_tag","embeddable":true,"href":"https:\/\/viktoriadl.com\/es\/wp-json\/wp\/v2\/product_tag?post=3456"}],"curies":[{"name":"wp","href":"https:\/\/api.w.org\/{rel}","templated":true}]}}