{"id":3454,"date":"2025-09-24T17:46:40","date_gmt":"2025-09-24T14:46:40","guid":{"rendered":"https:\/\/viktoriadl.com\/?post_type=product&#038;p=3454"},"modified":"2025-09-30T18:00:18","modified_gmt":"2025-09-30T15:00:18","slug":"mostaza","status":"publish","type":"product","link":"https:\/\/viktoriadl.com\/es\/producto\/mostaza\/","title":{"rendered":"Mostaza"},"content":{"rendered":"<p data-start=\"294\" data-end=\"557\">Nuestra <strong data-start=\"298\" data-end=\"309\">Mostaza<\/strong> se suministra en <strong data-start=\"325\" data-end=\"344\">Tarros de cristal de 300 g<\/strong>, dise\u00f1ado tanto para estanter\u00edas de minoristas como para la distribuci\u00f3n de servicios alimentarios. Los envases paletizados garantizan una manipulaci\u00f3n, un almacenamiento y un transporte a granel eficientes, por lo que son adecuados para mayoristas, distribuidores y supermercados.<\/p>\n<p data-start=\"559\" data-end=\"733\">Producido bajo normas controladas, el producto se envasa para preservar su calidad y frescura a lo largo de todo su ciclo de vida. <strong data-start=\"669\" data-end=\"683\">vida \u00fatil<\/strong>siempre que se almacene en un lugar fresco y seco.<\/p>\n<p data-start=\"735\" data-end=\"754\"><strong data-start=\"735\" data-end=\"752\">Caracter\u00edsticas principales:<\/strong><\/p>\n<ul data-start=\"755\" data-end=\"922\">\n<li data-start=\"755\" data-end=\"785\">\n<p data-start=\"757\" data-end=\"785\">Mostaza en tarros de cristal de 300 g<\/p>\n<\/li>\n<li data-start=\"786\" data-end=\"826\">\n<p data-start=\"788\" data-end=\"826\">Envases paletizados listos para la venta al por mayor<\/p>\n<\/li>\n<li data-start=\"827\" data-end=\"876\">\n<p data-start=\"829\" data-end=\"876\">Formato pr\u00e1ctico para minoristas y servicios de alimentaci\u00f3n<\/p>\n<\/li>\n<li data-start=\"877\" data-end=\"922\">\n<p data-start=\"879\" data-end=\"922\">Soluciones eficientes de almacenamiento y transporte<\/p>\n<\/li>\n<\/ul>\n<table style=\"width:100%; border-collapse:collapse; text-align:center;\">\n<thead>\n<tr style=\"background-color:#F06154; color:#fff;\">\n<th style=\"padding:8px;\">Peso<\/th>\n<th style=\"padding:8px;\">Cantidad por caja \/ pila<\/th>\n<th style=\"padding:8px;\">Cantidad por paleta<\/th>\n<th style=\"padding:8px;\">Total en cami\u00f3n<\/th>\n<\/tr>\n<\/thead>\n<tbody>\n<tr style=\"background-color:#ffffff;\">\n<td style=\"padding:8px;\">300 g<\/td>\n<td style=\"padding:8px;\">6 piezas<\/td>\n<td style=\"padding:8px;\">1 428 uds.<\/td>\n<td style=\"padding:8px;\">42 840 uds.<\/td>\n<\/tr>\n<\/tbody>\n<\/table>","protected":false},"excerpt":{"rendered":"<p>Mostaza cl\u00e1sica en tarros de cristal de 300 g, envasada para su distribuci\u00f3n al por mayor y al por menor.<\/p>","protected":false},"featured_media":3547,"comment_status":"closed","ping_status":"closed","template":"","meta":{"om_disable_all_campaigns":false},"product_brand":[],"product_cat":[62],"product_tag":[],"class_list":{"0":"post-3454","1":"product","2":"type-product","3":"status-publish","4":"has-post-thumbnail","6":"product_cat-condiments-and-sauces","8":"first","9":"instock","10":"shipping-taxable","11":"product-type-simple"},"aioseo_notices":[],"jetpack_sharing_enabled":true,"_links":{"self":[{"href":"https:\/\/viktoriadl.com\/es\/wp-json\/wp\/v2\/product\/3454","targetHints":{"allow":["GET"]}}],"collection":[{"href":"https:\/\/viktoriadl.com\/es\/wp-json\/wp\/v2\/product"}],"about":[{"href":"https:\/\/viktoriadl.com\/es\/wp-json\/wp\/v2\/types\/product"}],"replies":[{"embeddable":true,"href":"https:\/\/viktoriadl.com\/es\/wp-json\/wp\/v2\/comments?post=3454"}],"wp:featuredmedia":[{"embeddable":true,"href":"https:\/\/viktoriadl.com\/es\/wp-json\/wp\/v2\/media\/3547"}],"wp:attachment":[{"href":"https:\/\/viktoriadl.com\/es\/wp-json\/wp\/v2\/media?parent=3454"}],"wp:term":[{"taxonomy":"product_brand","embeddable":true,"href":"https:\/\/viktoriadl.com\/es\/wp-json\/wp\/v2\/product_brand?post=3454"},{"taxonomy":"product_cat","embeddable":true,"href":"https:\/\/viktoriadl.com\/es\/wp-json\/wp\/v2\/product_cat?post=3454"},{"taxonomy":"product_tag","embeddable":true,"href":"https:\/\/viktoriadl.com\/es\/wp-json\/wp\/v2\/product_tag?post=3454"}],"curies":[{"name":"wp","href":"https:\/\/api.w.org\/{rel}","templated":true}]}}