{"id":3446,"date":"2025-09-24T17:22:55","date_gmt":"2025-09-24T14:22:55","guid":{"rendered":"https:\/\/viktoriadl.com\/?post_type=product&#038;p=3446"},"modified":"2025-09-30T18:02:06","modified_gmt":"2025-09-30T15:02:06","slug":"refrescos-sin-azucar","status":"publish","type":"product","link":"https:\/\/viktoriadl.com\/es\/producto\/refrescos-sin-azucar\/","title":{"rendered":"Refrescos sin az\u00facar"},"content":{"rendered":"<p data-start=\"289\" data-end=\"557\">Nuestra <strong data-start=\"293\" data-end=\"322\">Refrescos sin az\u00facar<\/strong> se suministran en grandes <strong data-start=\"345\" data-end=\"363\">Botellas PET de 2 litros<\/strong>, ofreciendo un formato pr\u00e1ctico para los lineales de los minoristas, la hosteler\u00eda y la distribuci\u00f3n al por mayor. Disponibles en varios sabores, estas bebidas se envasan de forma segura para su transporte y almacenamiento a largo plazo.<\/p>\n<p data-start=\"559\" data-end=\"721\">Con una log\u00edstica paletizada y vol\u00famenes listos para camiones, este producto es id\u00f3neo para el comercio internacional B2B, garantizando una entrega eficaz y un suministro fiable.<\/p>\n<p data-start=\"723\" data-end=\"742\"><strong data-start=\"723\" data-end=\"740\">Caracter\u00edsticas principales:<\/strong><\/p>\n<ul data-start=\"743\" data-end=\"883\">\n<li data-start=\"743\" data-end=\"761\">\n<p data-start=\"745\" data-end=\"761\">Botellas PET de 2 litros<\/p>\n<\/li>\n<li data-start=\"762\" data-end=\"802\">\n<p data-start=\"764\" data-end=\"802\">Surtido de refrescos sin az\u00facar<\/p>\n<\/li>\n<li data-start=\"803\" data-end=\"842\">\n<p data-start=\"805\" data-end=\"842\">Embalaje listo para la venta en estanter\u00edas y al por mayor<\/p>\n<\/li>\n<li data-start=\"843\" data-end=\"883\">\n<p data-start=\"845\" data-end=\"883\">Log\u00edstica eficiente de pal\u00e9s y camiones<\/p>\n<\/li>\n<\/ul>\n<table style=\"width:100%; border-collapse:collapse; text-align:center;\">\n<thead>\n<tr style=\"background-color:#F06154; color:#fff;\">\n<th style=\"padding:8px;\">Volumen<\/th>\n<th style=\"padding:8px;\">Cantidad por caja \/ pila<\/th>\n<th style=\"padding:8px;\">Cantidad por paleta<\/th>\n<th style=\"padding:8px;\">Total en cami\u00f3n<\/th>\n<\/tr>\n<\/thead>\n<tbody>\n<tr style=\"background-color:#ffffff;\">\n<td style=\"padding:8px;\">2 L<\/td>\n<td style=\"padding:8px;\">6 piezas<\/td>\n<td style=\"padding:8px;\">384 uds.<\/td>\n<td style=\"padding:8px;\">11 136 uds.<\/td>\n<\/tr>\n<\/tbody>\n<\/table>","protected":false},"excerpt":{"rendered":"<p>Surtido de refrescos sin az\u00facar en botellas PET de 2L, perfectas para la distribuci\u00f3n al por mayor.<\/p>","protected":false},"featured_media":1253,"comment_status":"closed","ping_status":"closed","template":"","meta":{"om_disable_all_campaigns":false},"product_brand":[],"product_cat":[64],"product_tag":[],"class_list":{"0":"post-3446","1":"product","2":"type-product","3":"status-publish","4":"has-post-thumbnail","6":"product_cat-beverages","8":"first","9":"instock","10":"shipping-taxable","11":"product-type-simple"},"aioseo_notices":[],"jetpack_sharing_enabled":true,"_links":{"self":[{"href":"https:\/\/viktoriadl.com\/es\/wp-json\/wp\/v2\/product\/3446","targetHints":{"allow":["GET"]}}],"collection":[{"href":"https:\/\/viktoriadl.com\/es\/wp-json\/wp\/v2\/product"}],"about":[{"href":"https:\/\/viktoriadl.com\/es\/wp-json\/wp\/v2\/types\/product"}],"replies":[{"embeddable":true,"href":"https:\/\/viktoriadl.com\/es\/wp-json\/wp\/v2\/comments?post=3446"}],"wp:featuredmedia":[{"embeddable":true,"href":"https:\/\/viktoriadl.com\/es\/wp-json\/wp\/v2\/media\/1253"}],"wp:attachment":[{"href":"https:\/\/viktoriadl.com\/es\/wp-json\/wp\/v2\/media?parent=3446"}],"wp:term":[{"taxonomy":"product_brand","embeddable":true,"href":"https:\/\/viktoriadl.com\/es\/wp-json\/wp\/v2\/product_brand?post=3446"},{"taxonomy":"product_cat","embeddable":true,"href":"https:\/\/viktoriadl.com\/es\/wp-json\/wp\/v2\/product_cat?post=3446"},{"taxonomy":"product_tag","embeddable":true,"href":"https:\/\/viktoriadl.com\/es\/wp-json\/wp\/v2\/product_tag?post=3446"}],"curies":[{"name":"wp","href":"https:\/\/api.w.org\/{rel}","templated":true}]}}