{"id":3467,"date":"2025-09-25T17:43:18","date_gmt":"2025-09-25T14:43:18","guid":{"rendered":"https:\/\/viktoriadl.com\/?post_type=product&#038;p=3467"},"modified":"2025-09-30T17:59:11","modified_gmt":"2025-09-30T14:59:11","slug":"pizzamehl-2","status":"publish","type":"product","link":"https:\/\/viktoriadl.com\/de\/produkt\/pizzamehl-2\/","title":{"rendered":"Pizzamehl"},"content":{"rendered":"<p data-start=\"1441\" data-end=\"1700\">Unser <strong data-start=\"1445\" data-end=\"1460\">Pizzamehl<\/strong> ist speziell f\u00fcr den professionellen Einsatz in Pizzateig, Brot und B\u00e4ckereianwendungen gemahlen. Mit einer <strong data-start=\"1558\" data-end=\"1594\">Glutengehalt von mindestens 25,2%<\/strong>Es bietet eine hervorragende Elastizit\u00e4t und Struktur und gew\u00e4hrleistet gleichbleibende Ergebnisse f\u00fcr authentische Pizzab\u00f6den.<\/p>\n<p data-start=\"1702\" data-end=\"2011\">Das Mehl wird sorgf\u00e4ltig getestet, um die strengen europ\u00e4ischen Normen f\u00fcr Lebensmittelsicherheit zu erf\u00fcllen: <strong data-start=\"1779\" data-end=\"1796\">Feuchtigkeit \u226415%<\/strong>Es ist frei von Krankheitserregern und erf\u00fcllt die EU-Grenzwerte f\u00fcr Schwermetalle und Mykotoxine. Es bietet ausgewogene Backeigenschaften, einschlie\u00dflich kontrollierter <strong data-start=\"1946\" data-end=\"1986\">Alpha-Amylase-Aktivit\u00e4t (280-380 Sekunden)<\/strong> und Feink\u00f6rnigkeit.<\/p>\n<p data-start=\"2013\" data-end=\"2047\"><strong data-start=\"2013\" data-end=\"2045\">N\u00e4hrwertangaben pro 100 g:<\/strong><\/p>\n<ul data-start=\"2048\" data-end=\"2218\">\n<li data-start=\"2048\" data-end=\"2082\">\n<p data-start=\"2050\" data-end=\"2082\">Energie: 1508,5 kJ \/ 355,7 kcal<\/p>\n<\/li>\n<li data-start=\"2083\" data-end=\"2117\">\n<p data-start=\"2085\" data-end=\"2117\">Fett: 1,01 g (ges\u00e4ttigt 0,22 g)<\/p>\n<\/li>\n<li data-start=\"2118\" data-end=\"2159\">\n<p data-start=\"2120\" data-end=\"2159\">Kohlenhydrate: 73,63 g (Zucker 1,2 g)<\/p>\n<\/li>\n<li data-start=\"2160\" data-end=\"2177\">\n<p data-start=\"2162\" data-end=\"2177\">Ballaststoffe: 4,01 g<\/p>\n<\/li>\n<li data-start=\"2178\" data-end=\"2198\">\n<p data-start=\"2180\" data-end=\"2198\">Eiwei\u00df: 11,02 g<\/p>\n<\/li>\n<li data-start=\"2199\" data-end=\"2218\">\n<p data-start=\"2201\" data-end=\"2218\">Salz: &lt; 0.025 g<\/p>\n<\/li>\n<\/ul>\n<table style=\"width:100%; border-collapse:collapse; text-align:center;\">\n<thead>\n<tr style=\"background-color:#F06154; color:#fff;\">\n<th style=\"padding:8px;\">Gewicht<\/th>\n<th style=\"padding:8px;\">Menge pro Karton \/ Stapel<\/th>\n<th style=\"padding:8px;\">Menge pro Palette<\/th>\n<th style=\"padding:8px;\">Insgesamt im Lkw<\/th>\n<\/tr>\n<\/thead>\n<tbody>\n<tr style=\"background-color:#ffffff;\">\n<td style=\"padding:8px;\">1 kg<\/td>\n<td style=\"padding:8px;\">10 St\u00fcck<\/td>\n<td style=\"padding:8px;\">780 kg<\/td>\n<td style=\"padding:8px;\">22 620 kg<\/td>\n<\/tr>\n<tr style=\"background-color:#f5f5f5;\">\n<td style=\"padding:8px;\">5 kg<\/td>\n<td style=\"padding:8px;\">1 St\u00fcck<\/td>\n<td style=\"padding:8px;\">780 kg<\/td>\n<td style=\"padding:8px;\">22 620 kg<\/td>\n<\/tr>\n<\/tbody>\n<\/table>","protected":false},"excerpt":{"rendered":"<p>Hochwertige Qualit\u00e4t <strong data-start=\"1251\" data-end=\"1266\">Pizzamehl<\/strong> mit \u226525% Gluten, ideal f\u00fcr elastische Teige und gleichm\u00e4\u00dfige Backergebnisse. Haltbarkeit 10 Monate, geliefert in Gro\u00dfverpackungen f\u00fcr Gro\u00dfabnehmer.<\/p>","protected":false},"featured_media":3149,"comment_status":"closed","ping_status":"closed","template":"","meta":{"om_disable_all_campaigns":false},"product_brand":[],"product_cat":[59],"product_tag":[],"class_list":{"0":"post-3467","1":"product","2":"type-product","3":"status-publish","4":"has-post-thumbnail","6":"product_cat-grains-and-flours","8":"first","9":"instock","10":"shipping-taxable","11":"purchasable","12":"product-type-variable"},"aioseo_notices":[],"jetpack_sharing_enabled":true,"_links":{"self":[{"href":"https:\/\/viktoriadl.com\/de\/wp-json\/wp\/v2\/product\/3467","targetHints":{"allow":["GET"]}}],"collection":[{"href":"https:\/\/viktoriadl.com\/de\/wp-json\/wp\/v2\/product"}],"about":[{"href":"https:\/\/viktoriadl.com\/de\/wp-json\/wp\/v2\/types\/product"}],"replies":[{"embeddable":true,"href":"https:\/\/viktoriadl.com\/de\/wp-json\/wp\/v2\/comments?post=3467"}],"wp:featuredmedia":[{"embeddable":true,"href":"https:\/\/viktoriadl.com\/de\/wp-json\/wp\/v2\/media\/3149"}],"wp:attachment":[{"href":"https:\/\/viktoriadl.com\/de\/wp-json\/wp\/v2\/media?parent=3467"}],"wp:term":[{"taxonomy":"product_brand","embeddable":true,"href":"https:\/\/viktoriadl.com\/de\/wp-json\/wp\/v2\/product_brand?post=3467"},{"taxonomy":"product_cat","embeddable":true,"href":"https:\/\/viktoriadl.com\/de\/wp-json\/wp\/v2\/product_cat?post=3467"},{"taxonomy":"product_tag","embeddable":true,"href":"https:\/\/viktoriadl.com\/de\/wp-json\/wp\/v2\/product_tag?post=3467"}],"curies":[{"name":"wp","href":"https:\/\/api.w.org\/{rel}","templated":true}]}}