{"id":3455,"date":"2025-09-24T17:47:18","date_gmt":"2025-09-24T14:47:18","guid":{"rendered":"https:\/\/viktoriadl.com\/?post_type=product&#038;p=3455"},"modified":"2025-09-30T18:00:09","modified_gmt":"2025-09-30T15:00:09","slug":"coca-cola-fanta","status":"publish","type":"product","link":"https:\/\/viktoriadl.com\/de\/produkt\/coca-cola-fanta\/","title":{"rendered":"Coca Cola | Fanta"},"content":{"rendered":"<p data-start=\"370\" data-end=\"655\">Wir liefern eine Auswahl bekannter kohlens\u00e4urehaltiger Erfrischungsgetr\u00e4nke in praktischen PET-Verpackungsformaten. Diese Getr\u00e4nke eignen sich f\u00fcr den Gro\u00df- und Einzelhandel und werden geliefert in <strong data-start=\"553\" data-end=\"562\">500ml<\/strong> und <strong data-start=\"567\" data-end=\"575\">1.5L<\/strong> Flaschen, mit palettierter Logistik f\u00fcr einen effizienten Transport und Lagerung.<\/p>\n<p data-start=\"657\" data-end=\"676\"><strong data-start=\"657\" data-end=\"674\">Wesentliche Merkmale:<\/strong><\/p>\n<ul data-start=\"677\" data-end=\"873\">\n<li data-start=\"677\" data-end=\"716\">\n<p data-start=\"679\" data-end=\"716\">PET-Flaschen in den Gr\u00f6\u00dfen 500 ml und 1,5 l<\/p>\n<\/li>\n<li data-start=\"717\" data-end=\"767\">\n<p data-start=\"719\" data-end=\"767\">Verpackt f\u00fcr den Vertrieb im Gro\u00df- und Einzelhandel<\/p>\n<\/li>\n<li data-start=\"768\" data-end=\"819\">\n<p data-start=\"770\" data-end=\"819\">Palettierte Lieferkette f\u00fcr effizienten Transport<\/p>\n<\/li>\n<li data-start=\"820\" data-end=\"873\">\n<p data-start=\"822\" data-end=\"873\">St\u00e4ndige Verf\u00fcgbarkeit mit hoher Kapazit\u00e4t<\/p>\n<\/li>\n<\/ul>\n<table style=\"width:100%; border-collapse:collapse; text-align:center;\">\n<thead>\n<tr style=\"background-color:#F06154; color:#fff;\">\n<th style=\"padding:8px;\">Band<\/th>\n<th style=\"padding:8px;\">Menge pro Karton \/ Stapel<\/th>\n<th style=\"padding:8px;\">Menge pro Palette<\/th>\n<th style=\"padding:8px;\">Insgesamt im Lkw<\/th>\n<\/tr>\n<\/thead>\n<tbody>\n<tr style=\"background-color:#ffffff;\">\n<td style=\"padding:8px;\">500 ml<\/td>\n<td style=\"padding:8px;\">12 St\u00fcck<\/td>\n<td style=\"padding:8px;\">1 296 St\u00fcck<\/td>\n<td style=\"padding:8px;\">40 176 St.<\/td>\n<\/tr>\n<tr style=\"background-color:#f5f5f5;\">\n<td style=\"padding:8px;\">1.5 l<\/td>\n<td style=\"padding:8px;\">6 St\u00fcck<\/td>\n<td style=\"padding:8px;\">456 St.<\/td>\n<td style=\"padding:8px;\">14 136 St\u00fcck<\/td>\n<\/tr>\n<\/tbody>\n<\/table>","protected":false},"excerpt":{"rendered":"<p>Verschiedene Erfrischungsgetr\u00e4nke in 500-ml- und 1,5-l-PET-Flaschen, verpackt f\u00fcr Gro\u00dfhandel und Vertrieb.<\/p>","protected":false},"featured_media":3546,"comment_status":"closed","ping_status":"closed","template":"","meta":{"om_disable_all_campaigns":false},"product_brand":[],"product_cat":[64],"product_tag":[],"class_list":{"0":"post-3455","1":"product","2":"type-product","3":"status-publish","4":"has-post-thumbnail","6":"product_cat-beverages","8":"first","9":"instock","10":"shipping-taxable","11":"purchasable","12":"product-type-variable"},"aioseo_notices":[],"jetpack_sharing_enabled":true,"_links":{"self":[{"href":"https:\/\/viktoriadl.com\/de\/wp-json\/wp\/v2\/product\/3455","targetHints":{"allow":["GET"]}}],"collection":[{"href":"https:\/\/viktoriadl.com\/de\/wp-json\/wp\/v2\/product"}],"about":[{"href":"https:\/\/viktoriadl.com\/de\/wp-json\/wp\/v2\/types\/product"}],"replies":[{"embeddable":true,"href":"https:\/\/viktoriadl.com\/de\/wp-json\/wp\/v2\/comments?post=3455"}],"wp:featuredmedia":[{"embeddable":true,"href":"https:\/\/viktoriadl.com\/de\/wp-json\/wp\/v2\/media\/3546"}],"wp:attachment":[{"href":"https:\/\/viktoriadl.com\/de\/wp-json\/wp\/v2\/media?parent=3455"}],"wp:term":[{"taxonomy":"product_brand","embeddable":true,"href":"https:\/\/viktoriadl.com\/de\/wp-json\/wp\/v2\/product_brand?post=3455"},{"taxonomy":"product_cat","embeddable":true,"href":"https:\/\/viktoriadl.com\/de\/wp-json\/wp\/v2\/product_cat?post=3455"},{"taxonomy":"product_tag","embeddable":true,"href":"https:\/\/viktoriadl.com\/de\/wp-json\/wp\/v2\/product_tag?post=3455"}],"curies":[{"name":"wp","href":"https:\/\/api.w.org\/{rel}","templated":true}]}}