{"id":3452,"date":"2025-09-24T17:34:26","date_gmt":"2025-09-24T14:34:26","guid":{"rendered":"https:\/\/viktoriadl.com\/?post_type=product&#038;p=3452"},"modified":"2025-09-30T18:00:54","modified_gmt":"2025-09-30T15:00:54","slug":"hartweizengries","status":"publish","type":"product","link":"https:\/\/viktoriadl.com\/de\/produkt\/hartweizengries\/","title":{"rendered":"Hartweizengrie\u00df"},"content":{"rendered":"<p data-start=\"415\" data-end=\"700\">Unser <strong data-start=\"419\" data-end=\"443\">Hartweizengrie\u00df<\/strong> wird aus hochwertigem Hartweizen hergestellt, der nach den strengen EU-Normen f\u00fcr Lebensmittelsicherheit und -konsistenz verarbeitet wird. Mit einem <strong data-start=\"565\" data-end=\"596\">Proteingehalt \u00fcber 10,5%<\/strong> und <strong data-start=\"601\" data-end=\"625\">feuchter Kleber \u00fcber 26%<\/strong>Er gew\u00e4hrleistet eine hohe Leistung bei Brot-, Nudel- und B\u00e4ckereianwendungen.<\/p>\n<p data-start=\"702\" data-end=\"917\">Das Produkt hat eine nat\u00fcrliche gelbe Farbe und eine feine Textur. Es erf\u00fcllt garantiert die Anforderungen an Schwermetalle, Pestizidr\u00fcckst\u00e4nde und mikrobiologische Sicherheit. Es sind keine Krankheitserreger vorhanden, und die Mykotoxinwerte liegen innerhalb der EU-Grenzwerte.<\/p>\n<p data-start=\"919\" data-end=\"953\"><strong data-start=\"919\" data-end=\"951\">N\u00e4hrwertangaben pro 100 g:<\/strong><\/p>\n<ul data-start=\"954\" data-end=\"1123\">\n<li data-start=\"954\" data-end=\"984\">\n<p data-start=\"956\" data-end=\"984\">Energie: 1535 kJ \/ 362 kcal<\/p>\n<\/li>\n<li data-start=\"985\" data-end=\"1027\">\n<p data-start=\"987\" data-end=\"1027\">Fett: 1,3 g (davon ges\u00e4ttigt: 0,5 g)<\/p>\n<\/li>\n<li data-start=\"1028\" data-end=\"1069\">\n<p data-start=\"1030\" data-end=\"1069\">Kohlenhydrate: 74,8 g (Zucker: 2,1 g)<\/p>\n<\/li>\n<li data-start=\"1070\" data-end=\"1086\">\n<p data-start=\"1072\" data-end=\"1086\">Ballaststoffe: 2,5 g<\/p>\n<\/li>\n<li data-start=\"1087\" data-end=\"1106\">\n<p data-start=\"1089\" data-end=\"1106\">Eiwei\u00df: 11,5 g<\/p>\n<\/li>\n<li data-start=\"1107\" data-end=\"1123\">\n<p data-start=\"1109\" data-end=\"1123\">Salz: 0,26 g<\/p>\n<\/li>\n<\/ul>\n<table style=\"width:100%; border-collapse:collapse; text-align:center;\">\n<thead>\n<tr style=\"background-color:#F06154; color:#fff;\">\n<th style=\"padding:8px;\">Gewicht<\/th>\n<th style=\"padding:8px;\">Menge pro Karton \/ Stapel<\/th>\n<th style=\"padding:8px;\">Menge pro Palette<\/th>\n<th style=\"padding:8px;\">Insgesamt im Lkw<\/th>\n<\/tr>\n<\/thead>\n<tbody>\n<tr style=\"background-color:#ffffff;\">\n<td style=\"padding:8px;\">1 kg<\/td>\n<td style=\"padding:8px;\">10 St\u00fcck<\/td>\n<td style=\"padding:8px;\">780 kg<\/td>\n<td style=\"padding:8px;\">22 620 kg<\/td>\n<\/tr>\n<\/tbody>\n<\/table>\n<p data-start=\"1125\" data-end=\"1150\"><strong data-start=\"1125\" data-end=\"1148\">Wichtige Spezifikationen:<\/strong><\/p>\n<ul data-start=\"1151\" data-end=\"1380\">\n<li data-start=\"1151\" data-end=\"1171\">\n<p data-start=\"1153\" data-end=\"1171\">Feuchte: \u226414.5%<\/p>\n<\/li>\n<li data-start=\"1172\" data-end=\"1195\">\n<p data-start=\"1174\" data-end=\"1195\">Aschegehalt: \u22640,80%<\/p>\n<\/li>\n<li data-start=\"1196\" data-end=\"1216\">\n<p data-start=\"1198\" data-end=\"1216\">Kleber nass: \u226526%<\/p>\n<\/li>\n<li data-start=\"1217\" data-end=\"1252\">\n<p data-start=\"1219\" data-end=\"1252\">Eiwei\u00df (bezogen auf die Trockenmasse): \u226510,5%<\/p>\n<\/li>\n<li data-start=\"1253\" data-end=\"1295\">\n<p data-start=\"1255\" data-end=\"1295\">K\u00f6rnung: durch 42GG (450 \u03bcm) \u22648%<\/p>\n<\/li>\n<li data-start=\"1296\" data-end=\"1312\">\n<p data-start=\"1298\" data-end=\"1312\">GVO nicht verwendet<\/p>\n<\/li>\n<li data-start=\"1313\" data-end=\"1380\">\n<p data-start=\"1315\" data-end=\"1380\">Enth\u00e4lt <strong data-start=\"1324\" data-end=\"1334\">Gluten<\/strong> (Weizen); kann Spuren enthalten von <strong data-start=\"1366\" data-end=\"1378\">Sojabohnen<\/strong><\/p>\n<\/li>\n<\/ul>\n<p data-start=\"1382\" data-end=\"1455\"><strong data-start=\"1382\" data-end=\"1397\">Haltbarkeitsdauer:<\/strong> 8 Monate unter trockenen, k\u00fchlen und sauberen Lagerbedingungen.<\/p>\n<p data-start=\"1457\" data-end=\"1571\">Zertifiziert f\u00fcr die Einhaltung der EU-Verordnung 1881\/2006 \u00fcber Kontaminanten und hergestellt nach den HACCP-Standards.<\/p>","protected":false},"excerpt":{"rendered":"<p>Hartweizengrie\u00df, gemahlen aus in der EU angebautem Weizen, geeignet f\u00fcr Brot, Nudeln und Backwaren. Abgepackt in Gro\u00dfhandelsformaten f\u00fcr den Gro\u00dfhandel.<\/p>","protected":false},"featured_media":3421,"comment_status":"closed","ping_status":"closed","template":"","meta":{"om_disable_all_campaigns":false},"product_brand":[],"product_cat":[59],"product_tag":[],"class_list":{"0":"post-3452","1":"product","2":"type-product","3":"status-publish","4":"has-post-thumbnail","6":"product_cat-grains-and-flours","8":"first","9":"instock","10":"shipping-taxable","11":"product-type-simple"},"aioseo_notices":[],"jetpack_sharing_enabled":true,"_links":{"self":[{"href":"https:\/\/viktoriadl.com\/de\/wp-json\/wp\/v2\/product\/3452","targetHints":{"allow":["GET"]}}],"collection":[{"href":"https:\/\/viktoriadl.com\/de\/wp-json\/wp\/v2\/product"}],"about":[{"href":"https:\/\/viktoriadl.com\/de\/wp-json\/wp\/v2\/types\/product"}],"replies":[{"embeddable":true,"href":"https:\/\/viktoriadl.com\/de\/wp-json\/wp\/v2\/comments?post=3452"}],"wp:featuredmedia":[{"embeddable":true,"href":"https:\/\/viktoriadl.com\/de\/wp-json\/wp\/v2\/media\/3421"}],"wp:attachment":[{"href":"https:\/\/viktoriadl.com\/de\/wp-json\/wp\/v2\/media?parent=3452"}],"wp:term":[{"taxonomy":"product_brand","embeddable":true,"href":"https:\/\/viktoriadl.com\/de\/wp-json\/wp\/v2\/product_brand?post=3452"},{"taxonomy":"product_cat","embeddable":true,"href":"https:\/\/viktoriadl.com\/de\/wp-json\/wp\/v2\/product_cat?post=3452"},{"taxonomy":"product_tag","embeddable":true,"href":"https:\/\/viktoriadl.com\/de\/wp-json\/wp\/v2\/product_tag?post=3452"}],"curies":[{"name":"wp","href":"https:\/\/api.w.org\/{rel}","templated":true}]}}