{"id":3450,"date":"2025-09-24T17:31:18","date_gmt":"2025-09-24T14:31:18","guid":{"rendered":"https:\/\/viktoriadl.com\/?post_type=product&#038;p=3450"},"modified":"2025-09-30T18:01:25","modified_gmt":"2025-09-30T15:01:25","slug":"musli","status":"publish","type":"product","link":"https:\/\/viktoriadl.com\/de\/produkt\/musli\/","title":{"rendered":"M\u00fcsli"},"content":{"rendered":"<p data-start=\"383\" data-end=\"602\">Unser <strong data-start=\"387\" data-end=\"410\">Haferflocken (M\u00fcsli)<\/strong> sind sowohl in klein- als auch in gro\u00dfformatigen Varianten erh\u00e4ltlich, die sich f\u00fcr den Einzelhandel und den Gro\u00dfhandel eignen. Verpackt in <strong data-start=\"518\" data-end=\"531\">500g-Beutel<\/strong>F\u00fcr eine effiziente Lagerung, Handhabung und den Transport werden sie auf Paletten gestapelt.<\/p>\n<p data-start=\"604\" data-end=\"859\">Diese unter strengen Lebensmittelsicherheitsstandards hergestellten Haferflocken sind f\u00fcr die Verwendung in Fr\u00fchst\u00fccksflocken, Backwaren und in der Lebensmittelherstellung bestimmt. Haltbarkeit und Lagerungsbedingungen entsprechen den branchen\u00fcblichen Praktiken: trocken und k\u00fchl lagern.<\/p>\n<table style=\"width:100%; border-collapse:collapse; text-align:center;\">\n<thead>\n<tr style=\"background-color:#F06154; color:#fff;\">\n<th style=\"padding:8px;\">Gewicht<\/th>\n<th style=\"padding:8px;\">Menge pro Karton \/ Stapel<\/th>\n<th style=\"padding:8px;\">Menge pro Palette<\/th>\n<th style=\"padding:8px;\">Insgesamt im Lkw<\/th>\n<\/tr>\n<\/thead>\n<tbody>\n<tr style=\"background-color:#ffffff;\">\n<td style=\"padding:8px;\">500 g<\/td>\n<td style=\"padding:8px;\">16 St\u00fcck<\/td>\n<td style=\"padding:8px;\">672 kg<\/td>\n<td style=\"padding:8px;\">22 176 kg<\/td>\n<\/tr>\n<\/tbody>\n<\/table>","protected":false},"excerpt":{"rendered":"<p>Haferflocken sind in kleinen und gro\u00dfen Gr\u00f6\u00dfen erh\u00e4ltlich, verpackt in 500-g-Beuteln f\u00fcr den Gro\u00dfhandelsvertrieb.<\/p>","protected":false},"featured_media":3423,"comment_status":"closed","ping_status":"closed","template":"","meta":{"om_disable_all_campaigns":false},"product_brand":[],"product_cat":[61],"product_tag":[],"class_list":{"0":"post-3450","1":"product","2":"type-product","3":"status-publish","4":"has-post-thumbnail","6":"product_cat-cereal","8":"first","9":"instock","10":"shipping-taxable","11":"product-type-simple"},"aioseo_notices":[],"jetpack_sharing_enabled":true,"_links":{"self":[{"href":"https:\/\/viktoriadl.com\/de\/wp-json\/wp\/v2\/product\/3450","targetHints":{"allow":["GET"]}}],"collection":[{"href":"https:\/\/viktoriadl.com\/de\/wp-json\/wp\/v2\/product"}],"about":[{"href":"https:\/\/viktoriadl.com\/de\/wp-json\/wp\/v2\/types\/product"}],"replies":[{"embeddable":true,"href":"https:\/\/viktoriadl.com\/de\/wp-json\/wp\/v2\/comments?post=3450"}],"wp:featuredmedia":[{"embeddable":true,"href":"https:\/\/viktoriadl.com\/de\/wp-json\/wp\/v2\/media\/3423"}],"wp:attachment":[{"href":"https:\/\/viktoriadl.com\/de\/wp-json\/wp\/v2\/media?parent=3450"}],"wp:term":[{"taxonomy":"product_brand","embeddable":true,"href":"https:\/\/viktoriadl.com\/de\/wp-json\/wp\/v2\/product_brand?post=3450"},{"taxonomy":"product_cat","embeddable":true,"href":"https:\/\/viktoriadl.com\/de\/wp-json\/wp\/v2\/product_cat?post=3450"},{"taxonomy":"product_tag","embeddable":true,"href":"https:\/\/viktoriadl.com\/de\/wp-json\/wp\/v2\/product_tag?post=3450"}],"curies":[{"name":"wp","href":"https:\/\/api.w.org\/{rel}","templated":true}]}}