{"id":3449,"date":"2025-09-24T17:29:22","date_gmt":"2025-09-24T14:29:22","guid":{"rendered":"https:\/\/viktoriadl.com\/?post_type=product&#038;p=3449"},"modified":"2025-09-30T18:27:03","modified_gmt":"2025-09-30T15:27:03","slug":"gersten-tschicha","status":"publish","type":"product","link":"https:\/\/viktoriadl.com\/de\/produkt\/gersten-tschicha\/","title":{"rendered":"Gerste (Tchicha)"},"content":{"rendered":"<p data-start=\"181\" data-end=\"481\">Eine erstklassige Qualit\u00e4t <strong data-start=\"199\" data-end=\"215\">Gerstenmehl<\/strong> fein gemahlen zu einem weichen Pulver, das sich perfekt zum Backen, zum Andicken von Suppen und zum Hinzuf\u00fcgen nat\u00fcrlicher Ballaststoffe zu Ihren Rezepten eignet. Es ist in praktischen 5 kg-Papiers\u00e4cken verpackt und bietet einen gesunden, leicht nussigen Geschmack und ist eine gro\u00dfartige Alternative zu Weizenmehl f\u00fcr vielf\u00e4ltiges Backen.<\/p>\n<ul data-start=\"483\" data-end=\"630\">\n<li data-start=\"483\" data-end=\"511\">\n<p data-start=\"485\" data-end=\"511\"><strong data-start=\"485\" data-end=\"497\">Textur:<\/strong> Feines Pulver<\/p>\n<\/li>\n<li data-start=\"512\" data-end=\"541\">\n<p data-start=\"514\" data-end=\"541\"><strong data-start=\"514\" data-end=\"529\">Haltbarkeitsdauer:<\/strong> 10 Monate<\/p>\n<\/li>\n<li data-start=\"542\" data-end=\"576\">\n<p data-start=\"544\" data-end=\"576\"><strong data-start=\"544\" data-end=\"558\">Verpackung:<\/strong> 5 kg Papiers\u00e4cke<\/p>\n<\/li>\n<li data-start=\"577\" data-end=\"630\">\n<p data-start=\"579\" data-end=\"630\"><strong data-start=\"579\" data-end=\"591\">Lagerung:<\/strong> An einem k\u00fchlen, sauberen und trockenen Ort aufbewahren<\/p>\n<\/li>\n<\/ul>\n<p data-start=\"632\" data-end=\"651\"><strong data-start=\"632\" data-end=\"649\">Die wichtigsten Vorteile:<\/strong><\/p>\n<ul data-start=\"652\" data-end=\"828\">\n<li data-start=\"652\" data-end=\"696\">\n<p data-start=\"654\" data-end=\"696\">Reich an Ballaststoffen (14,7 g pro 100 g)<\/p>\n<\/li>\n<li data-start=\"697\" data-end=\"739\">\n<p data-start=\"699\" data-end=\"739\">Nat\u00fcrlich fettarm (1,3 g pro 100 g)<\/p>\n<\/li>\n<li data-start=\"740\" data-end=\"780\">\n<p data-start=\"742\" data-end=\"780\">Liefert 10,3 g Eiwei\u00df pro 100 g<\/p>\n<\/li>\n<li data-start=\"781\" data-end=\"828\">\n<p data-start=\"783\" data-end=\"828\">Energiewert: 1 604 kJ \/ 382 kcal pro 100 g<\/p>\n<\/li>\n<\/ul>\n<p data-start=\"830\" data-end=\"853\"><strong data-start=\"830\" data-end=\"851\">Sicherheit und Qualit\u00e4t:<\/strong><\/p>\n<ul data-start=\"854\" data-end=\"1054\">\n<li data-start=\"854\" data-end=\"934\">\n<p data-start=\"856\" data-end=\"934\">Erf\u00fcllt die EU-Normen f\u00fcr Lebensmittelsicherheit, zertifiziert nach ISO 9001:2015 und FSSC 22000\/HACCP<\/p>\n<\/li>\n<li data-start=\"935\" data-end=\"974\">\n<p data-start=\"937\" data-end=\"974\">Frei von pathogenen Mikroorganismen<\/p>\n<\/li>\n<li data-start=\"975\" data-end=\"1025\">\n<p data-start=\"977\" data-end=\"1025\">Schwermetalle und Mykotoxine innerhalb sicherer Grenzen<\/p>\n<\/li>\n<li data-start=\"1026\" data-end=\"1054\">\n<p data-start=\"1028\" data-end=\"1054\">Enth\u00e4lt Gluten (Gerste)<\/p>\n<\/li>\n<\/ul>\n<p data-start=\"1056\" data-end=\"1185\">Dieses Gerstenmehl ist ideal f\u00fcr B\u00e4ckereien, Restaurants und Lebensmittelhersteller, die eine n\u00e4hrstoffreiche, hochwertige Zutat suchen.<\/p>","protected":false},"excerpt":{"rendered":"<p>Ballaststoffreiches Gerstenmehl mit mildem, nussigem Geschmack - ideal zum Backen und Kochen.<\/p>","protected":false},"featured_media":3422,"comment_status":"closed","ping_status":"closed","template":"","meta":{"om_disable_all_campaigns":false},"product_brand":[],"product_cat":[59],"product_tag":[],"class_list":{"0":"post-3449","1":"product","2":"type-product","3":"status-publish","4":"has-post-thumbnail","6":"product_cat-grains-and-flours","8":"first","9":"instock","10":"shipping-taxable","11":"product-type-variable"},"aioseo_notices":[],"jetpack_sharing_enabled":true,"_links":{"self":[{"href":"https:\/\/viktoriadl.com\/de\/wp-json\/wp\/v2\/product\/3449","targetHints":{"allow":["GET"]}}],"collection":[{"href":"https:\/\/viktoriadl.com\/de\/wp-json\/wp\/v2\/product"}],"about":[{"href":"https:\/\/viktoriadl.com\/de\/wp-json\/wp\/v2\/types\/product"}],"replies":[{"embeddable":true,"href":"https:\/\/viktoriadl.com\/de\/wp-json\/wp\/v2\/comments?post=3449"}],"wp:featuredmedia":[{"embeddable":true,"href":"https:\/\/viktoriadl.com\/de\/wp-json\/wp\/v2\/media\/3422"}],"wp:attachment":[{"href":"https:\/\/viktoriadl.com\/de\/wp-json\/wp\/v2\/media?parent=3449"}],"wp:term":[{"taxonomy":"product_brand","embeddable":true,"href":"https:\/\/viktoriadl.com\/de\/wp-json\/wp\/v2\/product_brand?post=3449"},{"taxonomy":"product_cat","embeddable":true,"href":"https:\/\/viktoriadl.com\/de\/wp-json\/wp\/v2\/product_cat?post=3449"},{"taxonomy":"product_tag","embeddable":true,"href":"https:\/\/viktoriadl.com\/de\/wp-json\/wp\/v2\/product_tag?post=3449"}],"curies":[{"name":"wp","href":"https:\/\/api.w.org\/{rel}","templated":true}]}}