{"id":3439,"date":"2025-09-23T18:17:10","date_gmt":"2025-09-23T15:17:10","guid":{"rendered":"https:\/\/viktoriadl.com\/?post_type=product&#038;p=3439"},"modified":"2025-09-30T18:02:36","modified_gmt":"2025-09-30T15:02:36","slug":"sonnenblumenol","status":"publish","type":"product","link":"https:\/\/viktoriadl.com\/de\/produkt\/sonnenblumenol\/","title":{"rendered":"Sonnenblumen\u00f6l"},"content":{"rendered":"<p>Unser Sonnenblumen\u00f6l wird sorgf\u00e4ltig raffiniert, um Reinheit, Stabilit\u00e4t und hervorragenden Geschmack zu gew\u00e4hrleisten. Es ist eine vielseitige Wahl zum Kochen, Braten und f\u00fcr die industrielle Lebensmittelzubereitung und wird von Gro\u00dfh\u00e4ndlern, Einzelh\u00e4ndlern und Lebensmittelherstellern in ganz Europa gesch\u00e4tzt.<\/p>\n<p>Verpackt in haltbaren PET-Flaschen von 1L, 5L und 10L ist es f\u00fcr die einfache Lagerung, Handhabung und den Massenvertrieb konzipiert. Mit gleichbleibender Qualit\u00e4t, wettbewerbsf\u00e4higen Preisen und einer starken Logistik garantieren wir eine rechtzeitige Lieferung, um den Bedarf von Gro\u00dfabnehmern zu decken.<\/p>\n<p>&nbsp;<\/p>\n<table style=\"width:100%; border-collapse:collapse; text-align:center;\">\n<thead>\n<tr style=\"background-color:#F06154; color:#ffff;\">\n<th style=\"padding:8px;\">Gewicht<\/th>\n<th style=\"padding:8px;\">Menge pro Karton \/ Stapel<\/th>\n<th style=\"padding:8px;\">Menge pro Palette<\/th>\n<th style=\"padding:8px;\">Insgesamt im Lkw<\/th>\n<\/tr>\n<\/thead>\n<tbody>\n<tr style=\"background-color:#ffffff;\">\n<td style=\"padding:8px;\">1 l<\/td>\n<td style=\"padding:8px;\">15 St\u00fcck<\/td>\n<td style=\"padding:8px;\">720 St.<\/td>\n<td style=\"padding:8px;\">23 760 St\u00fcck \/ 23 760 l<\/td>\n<\/tr>\n<tr style=\"background-color:#f5f5f5;\">\n<td style=\"padding:8px;\">5 l<\/td>\n<td style=\"padding:8px;\">3 St\u00fcck<\/td>\n<td style=\"padding:8px;\">144 St\u00fcck<\/td>\n<td style=\"padding:8px;\">4 752 St\u00fcck \/ 23 760 l<\/td>\n<\/tr>\n<tr style=\"background-color:#ffffff;\">\n<td style=\"padding:8px;\">10 l<\/td>\n<td style=\"padding:8px;\">2 St\u00fcck<\/td>\n<td style=\"padding:8px;\">72 St\u00fcck<\/td>\n<td style=\"padding:8px;\">2 376 St\u00fcck \/ 23 760 l<\/td>\n<\/tr>\n<\/tbody>\n<\/table>","protected":false},"excerpt":{"rendered":"<p>Hochwertiges raffiniertes Sonnenblumen\u00f6l, geeignet zum Kochen, Braten und zur Lebensmittelherstellung. Erh\u00e4ltlich in 1L-, 5L- und 10L-PET-Flaschen, die f\u00fcr den Gro\u00dfhandel in ganz Europa bestimmt sind.<\/p>","protected":false},"featured_media":3544,"comment_status":"closed","ping_status":"closed","template":"","meta":{"om_disable_all_campaigns":false},"product_brand":[],"product_cat":[63],"product_tag":[],"class_list":{"0":"post-3439","1":"product","2":"type-product","3":"status-publish","4":"has-post-thumbnail","6":"product_cat-oils","8":"first","9":"instock","10":"shipping-taxable","11":"purchasable","12":"product-type-variable"},"aioseo_notices":[],"jetpack_sharing_enabled":true,"_links":{"self":[{"href":"https:\/\/viktoriadl.com\/de\/wp-json\/wp\/v2\/product\/3439","targetHints":{"allow":["GET"]}}],"collection":[{"href":"https:\/\/viktoriadl.com\/de\/wp-json\/wp\/v2\/product"}],"about":[{"href":"https:\/\/viktoriadl.com\/de\/wp-json\/wp\/v2\/types\/product"}],"replies":[{"embeddable":true,"href":"https:\/\/viktoriadl.com\/de\/wp-json\/wp\/v2\/comments?post=3439"}],"wp:featuredmedia":[{"embeddable":true,"href":"https:\/\/viktoriadl.com\/de\/wp-json\/wp\/v2\/media\/3544"}],"wp:attachment":[{"href":"https:\/\/viktoriadl.com\/de\/wp-json\/wp\/v2\/media?parent=3439"}],"wp:term":[{"taxonomy":"product_brand","embeddable":true,"href":"https:\/\/viktoriadl.com\/de\/wp-json\/wp\/v2\/product_brand?post=3439"},{"taxonomy":"product_cat","embeddable":true,"href":"https:\/\/viktoriadl.com\/de\/wp-json\/wp\/v2\/product_cat?post=3439"},{"taxonomy":"product_tag","embeddable":true,"href":"https:\/\/viktoriadl.com\/de\/wp-json\/wp\/v2\/product_tag?post=3439"}],"curies":[{"name":"wp","href":"https:\/\/api.w.org\/{rel}","templated":true}]}}