{"id":3287,"date":"2025-09-16T13:09:47","date_gmt":"2025-09-16T10:09:47","guid":{"rendered":"https:\/\/viktoriadl.com\/?page_id=3287"},"modified":"2025-09-30T17:12:01","modified_gmt":"2025-09-30T14:12:01","slug":"uber-uns","status":"publish","type":"page","link":"https:\/\/viktoriadl.com\/de\/uber-uns\/","title":{"rendered":"\u00dcber uns"},"content":{"rendered":"<div data-elementor-type=\"wp-page\" data-elementor-id=\"3287\" class=\"elementor elementor-3287\">\n\t\t\t\t<div class=\"elementor-element elementor-element-9a74eb7 e-flex e-con-boxed e-con e-parent\" data-id=\"9a74eb7\" data-element_type=\"container\" data-settings=\"{&quot;background_background&quot;:&quot;classic&quot;}\">\n\t\t\t\t\t<div class=\"e-con-inner\">\n\t\t<div class=\"elementor-element elementor-element-1f4910d e-con-full e-flex e-con e-child\" data-id=\"1f4910d\" data-element_type=\"container\">\n\t\t\t\t<div class=\"elementor-element elementor-element-014afb0 elementor-widget__width-inherit elementor-widget elementor-widget-image\" data-id=\"014afb0\" data-element_type=\"widget\" data-widget_type=\"image.default\">\n\t\t\t\t<div class=\"elementor-widget-container\">\n\t\t\t\t\t\t\t\t\t\t\t\t\t\t\t<img fetchpriority=\"high\" decoding=\"async\" width=\"2000\" height=\"1475\" src=\"https:\/\/viktoriadl.com\/wp-content\/uploads\/2025\/09\/Shaking-hands-forus.webp\" class=\"attachment-full size-full wp-image-3290\" alt=\"\" \/>\t\t\t\t\t\t\t\t\t\t\t\t\t\t\t<\/div>\n\t\t\t\t<\/div>\n\t\t\t\t<\/div>\n\t\t<div class=\"elementor-element elementor-element-54b6389 e-con-full e-flex e-con e-child\" data-id=\"54b6389\" data-element_type=\"container\" data-settings=\"{&quot;background_background&quot;:&quot;classic&quot;}\">\n\t\t\t\t<div class=\"elementor-element elementor-element-842feda elementor-widget elementor-widget-heading\" data-id=\"842feda\" data-element_type=\"widget\" data-widget_type=\"heading.default\">\n\t\t\t\t<div class=\"elementor-widget-container\">\n\t\t\t\t\t<h2 class=\"elementor-heading-title elementor-size-default\">\u00dcber unser Unternehmen\n<\/h2>\t\t\t\t<\/div>\n\t\t\t\t<\/div>\n\t\t\t\t<div class=\"elementor-element elementor-element-88a50eb elementor-widget-mobile__width-initial elementor-widget elementor-widget-text-editor\" data-id=\"88a50eb\" data-element_type=\"widget\" data-widget_type=\"text-editor.default\">\n\t\t\t\t<div class=\"elementor-widget-container\">\n\t\t\t\t\t\t\t\t\t<p>Unser Unternehmen exportiert seit 2009 Lebensmittel aus Bulgarien und beliefert \u00fcber 90 Gro\u00dfh\u00e4ndler und Lebensmittelketten in ganz Europa, wobei der Schwerpunkt auf Frankreich und Belgien liegt. Wir bieten sowohl unsere eigenen Produkte als auch Private-Label-L\u00f6sungen an und wickeln bis zu 80 Lkw pro Monat ab. Mit einer einwandfreien Logistik und wettbewerbsf\u00e4higen Preisen sind wir ein kleines, aber erfahrenes Team, das sich durch Effizienz und ma\u00dfgeschneiderten Service auszeichnet.<\/p>\t\t\t\t\t\t\t\t<\/div>\n\t\t\t\t<\/div>\n\t\t\t\t<\/div>\n\t\t\t\t\t<\/div>\n\t\t\t\t<\/div>\n\t\t<div class=\"elementor-element elementor-element-ee30286 e-flex e-con-boxed e-con e-parent\" data-id=\"ee30286\" data-element_type=\"container\" data-settings=\"{&quot;background_background&quot;:&quot;classic&quot;}\">\n\t\t\t\t\t<div class=\"e-con-inner\">\n\t\t\t\t<div class=\"elementor-element elementor-element-c77284f elementor-widget elementor-widget-heading\" data-id=\"c77284f\" data-element_type=\"widget\" data-widget_type=\"heading.default\">\n\t\t\t\t<div class=\"elementor-widget-container\">\n\t\t\t\t\t<h3 class=\"elementor-heading-title elementor-size-default\">Bescheinigungen<\/h3>\t\t\t\t<\/div>\n\t\t\t\t<\/div>\n\t\t<div class=\"elementor-element elementor-element-15aa927 e-flex e-con-boxed e-con e-child\" data-id=\"15aa927\" data-element_type=\"container\">\n\t\t\t\t\t<div class=\"e-con-inner\">\n\t\t<div class=\"elementor-element elementor-element-fda0e25 e-con-full e-flex e-con e-child\" data-id=\"fda0e25\" data-element_type=\"container\">\n\t\t\t\t<div class=\"elementor-element elementor-element-8d7ca8c elementor-widget-mobile__width-initial elementor-widget elementor-widget-text-editor\" data-id=\"8d7ca8c\" data-element_type=\"widget\" data-widget_type=\"text-editor.default\">\n\t\t\t\t<div class=\"elementor-widget-container\">\n\t\t\t\t\t\t\t\t\t<p>Wir freuen uns, Ihnen mitteilen zu k\u00f6nnen, dass wir jetzt eine Bescheinigung \u00fcber die Eintragung bei der Europ\u00e4ischen Kommission erhalten haben. <strong>US Food and Drug Administration<\/strong><\/p>\t\t\t\t\t\t\t\t<\/div>\n\t\t\t\t<\/div>\n\t\t\t\t<div class=\"elementor-element elementor-element-0870e0f elementor-position-top elementor-widget elementor-widget-image-box\" data-id=\"0870e0f\" data-element_type=\"widget\" data-widget_type=\"image-box.default\">\n\t\t\t\t<div class=\"elementor-widget-container\">\n\t\t\t\t\t<div class=\"elementor-image-box-wrapper\"><figure class=\"elementor-image-box-img\"><a href=\"https:\/\/slategrey-kingfisher-164499.hostingersite.com\/wp-content\/uploads\/2025\/06\/FDA-Certificate.jpg\" tabindex=\"-1\"><img decoding=\"async\" width=\"791\" height=\"1024\" src=\"https:\/\/viktoriadl.com\/wp-content\/uploads\/2025\/09\/FDA-Certificate.jpg\" class=\"attachment-large size-large wp-image-3291\" alt=\"\" \/><\/a><\/figure><\/div>\t\t\t\t<\/div>\n\t\t\t\t<\/div>\n\t\t\t\t<\/div>\n\t\t<div class=\"elementor-element elementor-element-5faec7b e-con-full e-flex e-con e-child\" data-id=\"5faec7b\" data-element_type=\"container\">\n\t\t\t\t<div class=\"elementor-element elementor-element-7dbd245 elementor-widget-mobile__width-initial elementor-widget elementor-widget-text-editor\" data-id=\"7dbd245\" data-element_type=\"widget\" data-widget_type=\"text-editor.default\">\n\t\t\t\t<div class=\"elementor-widget-container\">\n\t\t\t\t\t\t\t\t\t<p>Wir freuen uns, Ihnen mitteilen zu k\u00f6nnen, dass wir jetzt eine <strong>IFS-Broker<\/strong> Zertifikat<\/p>\t\t\t\t\t\t\t\t<\/div>\n\t\t\t\t<\/div>\n\t\t\t\t<div class=\"elementor-element elementor-element-0f058e5 elementor-position-top elementor-widget elementor-widget-image-box\" data-id=\"0f058e5\" data-element_type=\"widget\" data-widget_type=\"image-box.default\">\n\t\t\t\t<div class=\"elementor-widget-container\">\n\t\t\t\t\t<div class=\"elementor-image-box-wrapper\"><figure class=\"elementor-image-box-img\"><a href=\"https:\/\/slategrey-kingfisher-164499.hostingersite.com\/wp-content\/uploads\/2025\/06\/IFS-Broker_Certificate.jpg\" tabindex=\"-1\"><img decoding=\"async\" width=\"1414\" height=\"2000\" src=\"https:\/\/viktoriadl.com\/wp-content\/uploads\/2025\/09\/IFS-Broker_Certificate.jpg\" class=\"attachment-full size-full wp-image-3292\" alt=\"\" \/><\/a><\/figure><\/div>\t\t\t\t<\/div>\n\t\t\t\t<\/div>\n\t\t\t\t<\/div>\n\t\t\t\t\t<\/div>\n\t\t\t\t<\/div>\n\t\t\t\t\t<\/div>\n\t\t\t\t<\/div>\n\t\t<div class=\"elementor-element elementor-element-53b2d50 e-con-full e-flex e-con e-child\" data-id=\"53b2d50\" data-element_type=\"container\" data-settings=\"{&quot;background_background&quot;:&quot;classic&quot;}\">\n\t\t<div class=\"elementor-element elementor-element-8788462 e-con-full e-flex e-con e-child\" data-id=\"8788462\" data-element_type=\"container\">\n\t\t\t\t<div class=\"elementor-element elementor-element-97db0b1 elementor-widget elementor-widget-heading\" data-id=\"97db0b1\" data-element_type=\"widget\" data-widget_type=\"heading.default\">\n\t\t\t\t<div class=\"elementor-widget-container\">\n\t\t\t\t\t<h3 class=\"elementor-heading-title elementor-size-default\"> Treffen Sie das Team<\/h3>\t\t\t\t<\/div>\n\t\t\t\t<\/div>\n\t\t\t\t<\/div>\n\t\t<div class=\"elementor-element elementor-element-5b28242 e-con-full e-flex e-con e-child\" data-id=\"5b28242\" data-element_type=\"container\">\n\t\t\t\t<div class=\"elementor-element elementor-element-65f4729 eael-team-align-centered elementor-widget elementor-widget-eael-team-member\" data-id=\"65f4729\" data-element_type=\"widget\" data-widget_type=\"eael-team-member.default\">\n\t\t\t\t<div class=\"elementor-widget-container\">\n\t\t\t\t\t\n\n\t<div id=\"eael-team-member-65f4729\" class=\"eael-team-item eael-team-members-circle\">\n\t\t<div class=\"eael-team-item-inner\">\n\t\t\t<div class=\"eael-team-image\">\n\t\t\t\t<figure>\n\t\t\t\t\t\t\t\t\t\t<img decoding=\"async\" src=\"https:\/\/viktoriadl.com\/wp-content\/uploads\/2025\/09\/avatar-icon2.png\" alt=\"\">\n\t\t\t\t\t\t\t\t\t<\/figure>\n\t\t\t\t\n\t\t\t\t\n\t\t\t<\/div>\n\n\t\t\t<div class=\"eael-team-content\">\n\t\t\t\t<h2 class=\"eael-team-member-name\">Dora Lazarov<\/h2><h5 class=\"eael-team-member-position\">Manager<\/h5>\n\t\t\t\t\t\t\t\t\t\t\t\t\t\t<p class=\"eael-team-text\">+359 878446959\n| Franz\u00f6sisch und Englisch<\/p>\n\t\t\t\t\t\t\t<\/div>\n\t\t<\/div>\n\t<\/div>\n\t\t\t\t\t<\/div>\n\t\t\t\t<\/div>\n\t\t\t\t<div class=\"elementor-element elementor-element-236d422 eael-team-align-centered elementor-widget elementor-widget-eael-team-member\" data-id=\"236d422\" data-element_type=\"widget\" data-widget_type=\"eael-team-member.default\">\n\t\t\t\t<div class=\"elementor-widget-container\">\n\t\t\t\t\t\n\n\t<div id=\"eael-team-member-236d422\" class=\"eael-team-item eael-team-members-circle\">\n\t\t<div class=\"eael-team-item-inner\">\n\t\t\t<div class=\"eael-team-image\">\n\t\t\t\t<figure>\n\t\t\t\t\t\t\t\t\t\t<img decoding=\"async\" src=\"https:\/\/viktoriadl.com\/wp-content\/uploads\/2025\/09\/avatar-icon.png\" alt=\"\">\n\t\t\t\t\t\t\t\t\t<\/figure>\n\t\t\t\t\n\t\t\t\t\n\t\t\t<\/div>\n\n\t\t\t<div class=\"eael-team-content\">\n\t\t\t\t<h2 class=\"eael-team-member-name\">Ivaylo Lazarov<\/h2><h5 class=\"eael-team-member-position\">Manager<\/h5>\n\t\t\t\t\t\t\t\t\t\t\t\t\t\t<p class=\"eael-team-text\">+359 879346959\n| Franz\u00f6sisch und Englisch<\/p>\n\t\t\t\t\t\t\t<\/div>\n\t\t<\/div>\n\t<\/div>\n\t\t\t\t\t<\/div>\n\t\t\t\t<\/div>\n\t\t\t\t<div class=\"elementor-element elementor-element-c9782b1 eael-team-align-centered elementor-widget elementor-widget-eael-team-member\" data-id=\"c9782b1\" data-element_type=\"widget\" data-widget_type=\"eael-team-member.default\">\n\t\t\t\t<div class=\"elementor-widget-container\">\n\t\t\t\t\t\n\n\t<div id=\"eael-team-member-c9782b1\" class=\"eael-team-item eael-team-members-circle\">\n\t\t<div class=\"eael-team-item-inner\">\n\t\t\t<div class=\"eael-team-image\">\n\t\t\t\t<figure>\n\t\t\t\t\t\t\t\t\t\t<img decoding=\"async\" src=\"https:\/\/viktoriadl.com\/wp-content\/uploads\/2025\/09\/avatar-icon2.png\" alt=\"\">\n\t\t\t\t\t\t\t\t\t<\/figure>\n\t\t\t\t\n\t\t\t\t\n\t\t\t<\/div>\n\n\t\t\t<div class=\"eael-team-content\">\n\t\t\t\t<h2 class=\"eael-team-member-name\">Olga Sazonowa<\/h2><h5 class=\"eael-team-member-position\">Verkaufsleiter<\/h5>\n\t\t\t\t\t\t\t\t\t\t\t\t\t\t<p class=\"eael-team-text\">+359 879858805\n| Russisch und Englisch<\/p>\n\t\t\t\t\t\t\t<\/div>\n\t\t<\/div>\n\t<\/div>\n\t\t\t\t\t<\/div>\n\t\t\t\t<\/div>\n\t\t\t\t<div class=\"elementor-element elementor-element-c4c39c5 eael-team-align-centered elementor-widget elementor-widget-eael-team-member\" data-id=\"c4c39c5\" data-element_type=\"widget\" data-widget_type=\"eael-team-member.default\">\n\t\t\t\t<div class=\"elementor-widget-container\">\n\t\t\t\t\t\n\n\t<div id=\"eael-team-member-c4c39c5\" class=\"eael-team-item eael-team-members-circle\">\n\t\t<div class=\"eael-team-item-inner\">\n\t\t\t<div class=\"eael-team-image\">\n\t\t\t\t<figure>\n\t\t\t\t\t\t\t\t\t\t<img decoding=\"async\" src=\"https:\/\/viktoriadl.com\/wp-content\/uploads\/2025\/09\/avatar-icon2.png\" alt=\"\">\n\t\t\t\t\t\t\t\t\t<\/figure>\n\t\t\t\t\n\t\t\t\t\n\t\t\t<\/div>\n\n\t\t\t<div class=\"eael-team-content\">\n\t\t\t\t<h2 class=\"eael-team-member-name\">Kremena Alexandrova<\/h2><h5 class=\"eael-team-member-position\">Verkaufsleiter<\/h5>\n\t\t\t\t\t\t\t\t\t\t\t\t\t\t<p class=\"eael-team-text\">+359 877380199\n| Franz\u00f6sisch und Englisch<\/p>\n\t\t\t\t\t\t\t<\/div>\n\t\t<\/div>\n\t<\/div>\n\t\t\t\t\t<\/div>\n\t\t\t\t<\/div>\n\t\t\t\t<\/div>\n\t\t\t\t<\/div>\n\t\t<div class=\"elementor-element elementor-element-6091db7 e-flex e-con-boxed e-con e-parent\" data-id=\"6091db7\" data-element_type=\"container\" data-settings=\"{&quot;background_background&quot;:&quot;classic&quot;}\">\n\t\t\t\t\t<div class=\"e-con-inner\">\n\t\t\t\t<div class=\"elementor-element elementor-element-eb1b9a8 elementor-widget elementor-widget-heading\" data-id=\"eb1b9a8\" data-element_type=\"widget\" data-widget_type=\"heading.default\">\n\t\t\t\t<div class=\"elementor-widget-container\">\n\t\t\t\t\t<h3 class=\"elementor-heading-title elementor-size-default\">Unsere Kunden<\/h3>\t\t\t\t<\/div>\n\t\t\t\t<\/div>\n\t\t<div class=\"elementor-element elementor-element-727efbf e-flex e-con-boxed e-con e-child\" data-id=\"727efbf\" data-element_type=\"container\">\n\t\t\t\t\t<div class=\"e-con-inner\">\n\t\t<div class=\"elementor-element elementor-element-5a0ef58 e-flex e-con-boxed e-con e-child\" data-id=\"5a0ef58\" data-element_type=\"container\">\n\t\t\t\t\t<div class=\"e-con-inner\">\n\t\t\t\t<div class=\"elementor-element elementor-element-f992b5a elementor-widget elementor-widget-image\" data-id=\"f992b5a\" data-element_type=\"widget\" data-widget_type=\"image.default\">\n\t\t\t\t<div class=\"elementor-widget-container\">\n\t\t\t\t\t\t\t\t\t\t\t\t\t\t\t\t<a href=\"https:\/\/slategrey-kingfisher-164499.hostingersite.com\/wp-content\/uploads\/2025\/06\/dl-map.jpg\">\n\t\t\t\t\t\t\t<img loading=\"lazy\" decoding=\"async\" width=\"1485\" height=\"1732\" src=\"https:\/\/viktoriadl.com\/wp-content\/uploads\/2025\/09\/dl-map.jpg\" class=\"attachment-full size-full wp-image-3296\" alt=\"\" \/>\t\t\t\t\t\t\t\t<\/a>\n\t\t\t\t\t\t\t\t\t\t\t\t\t\t\t<\/div>\n\t\t\t\t<\/div>\n\t\t\t\t\t<\/div>\n\t\t\t\t<\/div>\n\t\t<div class=\"elementor-element elementor-element-6f80c59 e-flex e-con-boxed e-con e-child\" data-id=\"6f80c59\" data-element_type=\"container\">\n\t\t\t\t\t<div class=\"e-con-inner\">\n\t\t\t\t<div class=\"elementor-element elementor-element-c7503c1 elementor-widget__width-inherit elementor-widget-mobile__width-inherit elementor-widget elementor-widget-eael-adv-accordion\" data-id=\"c7503c1\" data-element_type=\"widget\" data-widget_type=\"eael-adv-accordion.default\">\n\t\t\t\t<div class=\"elementor-widget-container\">\n\t\t\t\t\t        <div class=\"eael-adv-accordion\" id=\"eael-adv-accordion-c7503c1\" data-scroll-on-click=\"\" data-scroll-speed=\"300\" data-accordion-id=\"c7503c1\" data-accordion-type=\"accordion\" data-toogle-speed=\"300\">\n    <div class=\"eael-accordion-list\">\n                <div id=\"northern-france\" class=\"elementor-tab-title eael-accordion-header\" tabindex=\"0\" data-tab=\"1\" aria-controls=\"elementor-tab-content-2081\"><span class=\"eael-advanced-accordion-icon-closed\"><i aria-hidden=\"true\" class=\"fa-accordion-icon fas fa-plus\"><\/i><\/span><span class=\"eael-advanced-accordion-icon-opened\"><i aria-hidden=\"true\" class=\"fa-accordion-icon fas fa-minus\"><\/i><\/span><span class=\"eael-accordion-tab-title\">Nordfrankreich<\/span><i aria-hidden=\"true\" class=\"fa-toggle fas fa-angle-right\"><\/i><\/div><div id=\"elementor-tab-content-2081\" class=\"eael-accordion-content clearfix\" data-tab=\"1\" aria-labelledby=\"northern-france\"><\/div>\n                <\/div><div class=\"eael-accordion-list\">\n                <div id=\"southern-france\" class=\"elementor-tab-title eael-accordion-header\" tabindex=\"0\" data-tab=\"2\" aria-controls=\"elementor-tab-content-2082\"><span class=\"eael-advanced-accordion-icon-closed\"><i aria-hidden=\"true\" class=\"fa-accordion-icon fas fa-plus\"><\/i><\/span><span class=\"eael-advanced-accordion-icon-opened\"><i aria-hidden=\"true\" class=\"fa-accordion-icon fas fa-minus\"><\/i><\/span><span class=\"eael-accordion-tab-title\">S\u00fcdfrankreich<\/span><i aria-hidden=\"true\" class=\"fa-toggle fas fa-angle-right\"><\/i><\/div><div id=\"elementor-tab-content-2082\" class=\"eael-accordion-content clearfix\" data-tab=\"2\" aria-labelledby=\"southern-france\"><\/div>\n                <\/div><div class=\"eael-accordion-list\">\n                <div id=\"eastern-france-1\" class=\"elementor-tab-title eael-accordion-header\" tabindex=\"0\" data-tab=\"3\" aria-controls=\"elementor-tab-content-2083\"><span class=\"eael-advanced-accordion-icon-closed\"><i aria-hidden=\"true\" class=\"fa-accordion-icon fas fa-plus\"><\/i><\/span><span class=\"eael-advanced-accordion-icon-opened\"><i aria-hidden=\"true\" class=\"fa-accordion-icon fas fa-minus\"><\/i><\/span><span class=\"eael-accordion-tab-title\">Ostfrankreich 1<\/span><i aria-hidden=\"true\" class=\"fa-toggle fas fa-angle-right\"><\/i><\/div><div id=\"elementor-tab-content-2083\" class=\"eael-accordion-content clearfix\" data-tab=\"3\" aria-labelledby=\"eastern-france-1\"><\/div>\n                <\/div><div class=\"eael-accordion-list\">\n                <div id=\"eastern-france-2\" class=\"elementor-tab-title eael-accordion-header\" tabindex=\"0\" data-tab=\"4\" aria-controls=\"elementor-tab-content-2084\"><span class=\"eael-advanced-accordion-icon-closed\"><i aria-hidden=\"true\" class=\"fa-accordion-icon fas fa-plus\"><\/i><\/span><span class=\"eael-advanced-accordion-icon-opened\"><i aria-hidden=\"true\" class=\"fa-accordion-icon fas fa-minus\"><\/i><\/span><span class=\"eael-accordion-tab-title\">Ostfrankreich 2<\/span><i aria-hidden=\"true\" class=\"fa-toggle fas fa-angle-right\"><\/i><\/div><div id=\"elementor-tab-content-2084\" class=\"eael-accordion-content clearfix\" data-tab=\"4\" aria-labelledby=\"eastern-france-2\"><\/div>\n                <\/div><div class=\"eael-accordion-list\">\n                <div id=\"germany\" class=\"elementor-tab-title eael-accordion-header\" tabindex=\"0\" data-tab=\"5\" aria-controls=\"elementor-tab-content-2085\"><span class=\"eael-advanced-accordion-icon-closed\"><i aria-hidden=\"true\" class=\"fa-accordion-icon fas fa-plus\"><\/i><\/span><span class=\"eael-advanced-accordion-icon-opened\"><i aria-hidden=\"true\" class=\"fa-accordion-icon fas fa-minus\"><\/i><\/span><span class=\"eael-accordion-tab-title\">Deutschland<\/span><i aria-hidden=\"true\" class=\"fa-toggle fas fa-angle-right\"><\/i><\/div><div id=\"elementor-tab-content-2085\" class=\"eael-accordion-content clearfix\" data-tab=\"5\" aria-labelledby=\"germany\"><\/div>\n                <\/div><div class=\"eael-accordion-list\">\n                <div id=\"belgium\" class=\"elementor-tab-title eael-accordion-header\" tabindex=\"0\" data-tab=\"6\" aria-controls=\"elementor-tab-content-2086\"><span class=\"eael-advanced-accordion-icon-closed\"><i aria-hidden=\"true\" class=\"fa-accordion-icon fas fa-plus\"><\/i><\/span><span class=\"eael-advanced-accordion-icon-opened\"><i aria-hidden=\"true\" class=\"fa-accordion-icon fas fa-minus\"><\/i><\/span><span class=\"eael-accordion-tab-title\">Belgien<\/span><i aria-hidden=\"true\" class=\"fa-toggle fas fa-angle-right\"><\/i><\/div><div id=\"elementor-tab-content-2086\" class=\"eael-accordion-content clearfix\" data-tab=\"6\" aria-labelledby=\"belgium\"><\/div>\n                <\/div><div class=\"eael-accordion-list\">\n                <div id=\"netherlands\" class=\"elementor-tab-title eael-accordion-header\" tabindex=\"0\" data-tab=\"7\" aria-controls=\"elementor-tab-content-2087\"><span class=\"eael-advanced-accordion-icon-closed\"><i aria-hidden=\"true\" class=\"fa-accordion-icon fas fa-plus\"><\/i><\/span><span class=\"eael-advanced-accordion-icon-opened\"><i aria-hidden=\"true\" class=\"fa-accordion-icon fas fa-minus\"><\/i><\/span><span class=\"eael-accordion-tab-title\">Niederlande<\/span><i aria-hidden=\"true\" class=\"fa-toggle fas fa-angle-right\"><\/i><\/div><div id=\"elementor-tab-content-2087\" class=\"eael-accordion-content clearfix\" data-tab=\"7\" aria-labelledby=\"netherlands\"><\/div>\n                <\/div><div class=\"eael-accordion-list\">\n                <div id=\"denmark\" class=\"elementor-tab-title eael-accordion-header\" tabindex=\"0\" data-tab=\"8\" aria-controls=\"elementor-tab-content-2088\"><span class=\"eael-advanced-accordion-icon-closed\"><i aria-hidden=\"true\" class=\"fa-accordion-icon fas fa-plus\"><\/i><\/span><span class=\"eael-advanced-accordion-icon-opened\"><i aria-hidden=\"true\" class=\"fa-accordion-icon fas fa-minus\"><\/i><\/span><span class=\"eael-accordion-tab-title\">D\u00e4nemark<\/span><i aria-hidden=\"true\" class=\"fa-toggle fas fa-angle-right\"><\/i><\/div><div id=\"elementor-tab-content-2088\" class=\"eael-accordion-content clearfix\" data-tab=\"8\" aria-labelledby=\"denmark\"><\/div>\n                <\/div><div class=\"eael-accordion-list\">\n                <div id=\"norway\" class=\"elementor-tab-title eael-accordion-header\" tabindex=\"0\" data-tab=\"9\" aria-controls=\"elementor-tab-content-2089\"><span class=\"eael-advanced-accordion-icon-closed\"><i aria-hidden=\"true\" class=\"fa-accordion-icon fas fa-plus\"><\/i><\/span><span class=\"eael-advanced-accordion-icon-opened\"><i aria-hidden=\"true\" class=\"fa-accordion-icon fas fa-minus\"><\/i><\/span><span class=\"eael-accordion-tab-title\">Norwegen<\/span><i aria-hidden=\"true\" class=\"fa-toggle fas fa-angle-right\"><\/i><\/div><div id=\"elementor-tab-content-2089\" class=\"eael-accordion-content clearfix\" data-tab=\"9\" aria-labelledby=\"norway\"><\/div>\n                <\/div><div class=\"eael-accordion-list\">\n                <div id=\"malta\" class=\"elementor-tab-title eael-accordion-header\" tabindex=\"0\" data-tab=\"10\" aria-controls=\"elementor-tab-content-20810\"><span class=\"eael-advanced-accordion-icon-closed\"><i aria-hidden=\"true\" class=\"fa-accordion-icon fas fa-plus\"><\/i><\/span><span class=\"eael-advanced-accordion-icon-opened\"><i aria-hidden=\"true\" class=\"fa-accordion-icon fas fa-minus\"><\/i><\/span><span class=\"eael-accordion-tab-title\">Malta<\/span><i aria-hidden=\"true\" class=\"fa-toggle fas fa-angle-right\"><\/i><\/div><div id=\"elementor-tab-content-20810\" class=\"eael-accordion-content clearfix\" data-tab=\"10\" aria-labelledby=\"malta\"><\/div>\n                <\/div><div class=\"eael-accordion-list\">\n                <div id=\"kosovo\" class=\"elementor-tab-title eael-accordion-header\" tabindex=\"0\" data-tab=\"11\" aria-controls=\"elementor-tab-content-20811\"><span class=\"eael-advanced-accordion-icon-closed\"><i aria-hidden=\"true\" class=\"fa-accordion-icon fas fa-plus\"><\/i><\/span><span class=\"eael-advanced-accordion-icon-opened\"><i aria-hidden=\"true\" class=\"fa-accordion-icon fas fa-minus\"><\/i><\/span><span class=\"eael-accordion-tab-title\">Kosovo<\/span><i aria-hidden=\"true\" class=\"fa-toggle fas fa-angle-right\"><\/i><\/div><div id=\"elementor-tab-content-20811\" class=\"eael-accordion-content clearfix\" data-tab=\"11\" aria-labelledby=\"kosovo\"><\/div>\n                <\/div><\/div>\t\t\t\t<\/div>\n\t\t\t\t<\/div>\n\t\t\t\t\t<\/div>\n\t\t\t\t<\/div>\n\t\t\t\t\t<\/div>\n\t\t\t\t<\/div>\n\t\t\t\t\t<\/div>\n\t\t\t\t<\/div>\n\t\t\t\t<\/div>","protected":false},"excerpt":{"rendered":"<p>About Our Company Our company has been exporting food from Bulgaria since 2009, serving over 90 wholesalers and food chains across Europe, with strong focus on France and Belgium. We offer both our own products and private-label solutions, handling up to 80 trucks per month. With flawless logistics and competitive prices, we are a small [&hellip;]<\/p>","protected":false},"author":3,"featured_media":0,"parent":0,"menu_order":0,"comment_status":"closed","ping_status":"closed","template":"elementor_header_footer","meta":{"om_disable_all_campaigns":false,"footnotes":""},"class_list":["post-3287","page","type-page","status-publish","hentry"],"blocksy_meta":[],"aioseo_notices":[],"jetpack_sharing_enabled":true,"_links":{"self":[{"href":"https:\/\/viktoriadl.com\/de\/wp-json\/wp\/v2\/pages\/3287","targetHints":{"allow":["GET"]}}],"collection":[{"href":"https:\/\/viktoriadl.com\/de\/wp-json\/wp\/v2\/pages"}],"about":[{"href":"https:\/\/viktoriadl.com\/de\/wp-json\/wp\/v2\/types\/page"}],"author":[{"embeddable":true,"href":"https:\/\/viktoriadl.com\/de\/wp-json\/wp\/v2\/users\/3"}],"replies":[{"embeddable":true,"href":"https:\/\/viktoriadl.com\/de\/wp-json\/wp\/v2\/comments?post=3287"}],"version-history":[{"count":0,"href":"https:\/\/viktoriadl.com\/de\/wp-json\/wp\/v2\/pages\/3287\/revisions"}],"wp:attachment":[{"href":"https:\/\/viktoriadl.com\/de\/wp-json\/wp\/v2\/media?parent=3287"}],"curies":[{"name":"wp","href":"https:\/\/api.w.org\/{rel}","templated":true}]}}